{"id":1929,"date":"2020-05-06T19:21:08","date_gmt":"2020-05-06T17:21:08","guid":{"rendered":"https:\/\/www.eurominority.eu\/?page_id=1929"},"modified":"2020-05-06T19:21:09","modified_gmt":"2020-05-06T17:21:09","slug":"conflits-et-revendications","status":"publish","type":"page","link":"https:\/\/www.eurominority.eu\/index.php\/en\/conflits-et-revendications\/","title":{"rendered":"Conflits et revendications"},"content":{"rendered":"<div class=\"wp-block-image\"><figure class=\"aligncenter\"><img loading=\"lazy\" decoding=\"async\" width=\"100\" height=\"100\" src=\"https:\/\/www.eurominority.eu\/wp-content\/uploads\/2020\/05\/Logo-Multinatio_gris-clair.jpg\" alt=\"\" class=\"wp-image-1624\"\/><\/figure><\/div><p class=\"has-medium-font-size\">De nombreuses manifestations sont r\u00e9guli\u00e8rement organis\u00e9es par les membres de communaut\u00e9s minoritaires pour revendiquer plus de droits, notamment linguistiques. Quand celles-ci rassemblent 10 000 personnes, comme c\u2019est souvent le cas en Bretagne, elles sont pass\u00e9es sous silence par les grands m\u00e9dias. <\/p><p>\nEn revanche, comment peut-on oublier ces dizaines de milliers de \nCatalans d\u00e9filant d\u00e9but 2006 dans les rues de Barcelone afin d\u2019inciter \nleurs dirigeants \u00e0 r\u00e9former le statut d\u2019autonomie de la Communaut\u00e9 \nautonome et ainsi inscrire la Catalogne en tant que Nation. Ils \nd\u00e9filaient sous la banni\u00e8re som una naci\u00f3 (Nous sommes une Nation). Ces \nd\u00e9monstrations pacifiques d\u2019acteurs culturels ou politiques ont souvent \nun impact positif mais les changements sont lents \u00e0 se mettre en place.\n\n<\/p><p>On distingue trois grands types de revendications allant de la recherche de plus de reconnaissance au souhait de s\u2019auto-administrer, soit en b\u00e9n\u00e9ficiant d\u2019un statut d\u2019autonomie, soit en faisant s\u00e9cession. Cela d\u00e9pend largement de la capacit\u00e9 de l\u2019\u00c9tat \u00e0 respecter les diff\u00e9rences et \u00e0 attribuer des pouvoirs propres aux minorit\u00e9s. Lorsque l\u2019attitude de l\u2019\u00c9tat central est trop sectaire, des crispations naissent et cela g\u00e9n\u00e8re des tensions aboutissant \u00e0 des conflits, larv\u00e9s ou totalement ouverts.<\/p><div class=\"wp-block-image\"><figure class=\"aligncenter\"><img loading=\"lazy\" decoding=\"async\" width=\"261\" height=\"71\" src=\"https:\/\/www.eurominority.eu\/wp-content\/uploads\/2020\/05\/Logo-Multinatio_gris-clair-x3.jpg\" alt=\"\" class=\"wp-image-1637\"\/><\/figure><\/div><h2 class=\"wp-block-heading\"> Lutte arm\u00e9e  <\/h2><figure class=\"wp-block-image\"><img loading=\"lazy\" decoding=\"async\" width=\"963\" height=\"26\" src=\"https:\/\/www.eurominority.eu\/wp-content\/uploads\/2020\/05\/Logo-Multinatio_bandesgrises.jpg\" alt=\"\" class=\"wp-image-1644\" srcset=\"https:\/\/www.eurominority.eu\/wp-content\/uploads\/2020\/05\/Logo-Multinatio_bandesgrises.jpg 963w, https:\/\/www.eurominority.eu\/wp-content\/uploads\/2020\/05\/Logo-Multinatio_bandesgrises-600x16.jpg 600w, https:\/\/www.eurominority.eu\/wp-content\/uploads\/2020\/05\/Logo-Multinatio_bandesgrises-300x8.jpg 300w, https:\/\/www.eurominority.eu\/wp-content\/uploads\/2020\/05\/Logo-Multinatio_bandesgrises-768x21.jpg 768w\" sizes=\"(max-width: 963px) 100vw, 963px\" \/><\/figure><p> Des formes d\u2019actions radicales \u00e9mergent r\u00e9guli\u00e8rement dans les territoires peupl\u00e9s de minorit\u00e9s. Les exemples les plus significatifs sont les conflits arm\u00e9s qui s\u00e9vissent notamment en Irlande et au Pays basque, o\u00f9 deux organisations clandestines op\u00e8rent. En Irlande, l\u2019IRA (Irish Republican Army) s\u2019oppose depuis la guerre d\u2019ind\u00e9pendance (1919-1921) au pouvoir britannique et notamment aux Unionistes d\u2019Ulster. Au Pays basque, ETA (Euskadi ta Askatasuna) menait au d\u00e9part (1959) une lutte de lib\u00e9ration nationale contre la dictature franquiste mais a rapidement d\u00e9riv\u00e9 dans l\u2019organisation d\u2019attentats ciblant aveugl\u00e9ment des civils. D\u2019autres territoires sont ou ont \u00e9t\u00e9 marqu\u00e9, au cours des cinquante derni\u00e8res ann\u00e9es, par des actions de luttes arm\u00e9e clandestines, tels la Corse, la Bretagne, le Tyrol du Sud ou le Pays de Galles. Enfin le Kosovo, avant la d\u00e9claration unilat\u00e9rale d\u2019ind\u00e9pendance, a \u00e9galement fait face \u00e0 ce type de conflit. En 1997, l\u2019Arm\u00e9e de lib\u00e9ration du Kosovo (U\u00c7K) m\u00e8ne une gu\u00e9rilla organis\u00e9e contre l\u2019arm\u00e9e serbe. Cela fait suite \u00e0 la suppression du statut d\u2019autonomie qui y existait quelques ann\u00e9es auparavant. Ces actions \u00ab para-militaires \u00bb, qualifi\u00e9es de \u00ab terroristes \u00bb, opposants des membres d\u2019organisations locales au pouvoir central sont le plus souvent brutales et refl\u00e8tent une r\u00e9alit\u00e9 complexe, fruit d\u2019incompr\u00e9hensions, d\u2019un manque de dialogue et de blocages syst\u00e9matiques \u00e0 toutes revendications. <\/p><div class=\"wp-block-image\"><figure class=\"aligncenter\"><img loading=\"lazy\" decoding=\"async\" width=\"261\" height=\"71\" src=\"https:\/\/www.eurominority.eu\/wp-content\/uploads\/2020\/05\/Logo-Multinatio_gris-clair-x3.jpg\" alt=\"\" class=\"wp-image-1637\"\/><\/figure><\/div><h2 class=\"wp-block-heading\"> Lutte politique  <\/h2><figure class=\"wp-block-image\"><img loading=\"lazy\" decoding=\"async\" width=\"963\" height=\"26\" src=\"https:\/\/www.eurominority.eu\/wp-content\/uploads\/2020\/05\/Logo-Multinatio_bandesgrises.jpg\" alt=\"\" class=\"wp-image-1644\" srcset=\"https:\/\/www.eurominority.eu\/wp-content\/uploads\/2020\/05\/Logo-Multinatio_bandesgrises.jpg 963w, https:\/\/www.eurominority.eu\/wp-content\/uploads\/2020\/05\/Logo-Multinatio_bandesgrises-600x16.jpg 600w, https:\/\/www.eurominority.eu\/wp-content\/uploads\/2020\/05\/Logo-Multinatio_bandesgrises-300x8.jpg 300w, https:\/\/www.eurominority.eu\/wp-content\/uploads\/2020\/05\/Logo-Multinatio_bandesgrises-768x21.jpg 768w\" sizes=\"(max-width: 963px) 100vw, 963px\" \/><\/figure><p> La lutte sur le terrain politique \u00ab pacifique \u00bb est certainement le moyen d\u2019expression le plus utilis\u00e9. Ces b\u00e9n\u00e9fices sont moins m\u00e9diatis\u00e9s que les actions violentes mais permettent des avanc\u00e9es significatives. La majorit\u00e9 des peuples en lutte en Europe, d\u00e9sapprouvant d\u2019ailleurs le terrorisme, utilisent cette voie d\u00e9mocratique quand les moyens leurs sont donn\u00e9es. Par le dialogue, les Nations sans \u00c9tat peuvent d\u00e9cider en concertation avec les \u00c9tats centraux, de leur statut, d\u00e9centralis\u00e9, autonome ou ind\u00e9pendant. La plupart des conflits mondiaux pourraient \u00eatre r\u00e9solus si les \u00c9tats acceptaient le droit \u00e0 l\u2019auto-gestion et \u00e0 l\u2019auto-d\u00e9termination.<\/p><div class=\"wp-block-image\"><figure class=\"aligncenter\"><img loading=\"lazy\" decoding=\"async\" width=\"180\" height=\"73\" src=\"https:\/\/www.eurominority.eu\/wp-content\/uploads\/2020\/05\/Logo-Multinatio_mgris.jpg\" alt=\"\" class=\"wp-image-1653\"\/><\/figure><\/div>","protected":false},"excerpt":{"rendered":"<p>De nombreuses manifestations sont r\u00e9guli\u00e8rement organis\u00e9es par les membres de communaut\u00e9s minoritaires pour revendiquer plus de droits, notamment linguistiques. Quand celles-ci rassemblent 10 000 personnes, comme c\u2019est souvent le cas en Bretagne, elles sont pass\u00e9es sous silence par les grands m\u00e9dias. En revanche, comment peut-on oublier ces dizaines de milliers de Catalans d\u00e9filant d\u00e9but 2006 dans les rues de Barcelone afin d\u2019inciter leurs dirigeants \u00e0 r\u00e9former le statut d\u2019autonomie de la Communaut\u00e9 autonome et ainsi inscrire la Catalogne en tant que Nation. Ils d\u00e9filaient sous la banni\u00e8re som una naci\u00f3 (Nous sommes une Nation). Ces d\u00e9monstrations pacifiques d\u2019acteurs culturels ou politiques ont souvent un impact positif mais les changements sont lents \u00e0 se mettre en place. On distingue trois grands types de revendications allant de la recherche de plus de reconnaissance au souhait de s\u2019auto-administrer, soit en b\u00e9n\u00e9ficiant d\u2019un statut d\u2019autonomie, soit en faisant s\u00e9cession. Cela d\u00e9pend largement de la capacit\u00e9 de l\u2019\u00c9tat \u00e0 respecter les diff\u00e9rences et \u00e0 attribuer des pouvoirs propres aux minorit\u00e9s. Lorsque l\u2019attitude de l\u2019\u00c9tat central est trop sectaire, des crispations naissent et cela g\u00e9n\u00e8re des tensions aboutissant \u00e0 des conflits, larv\u00e9s ou totalement ouverts. Lutte arm\u00e9e Des formes d\u2019actions radicales \u00e9mergent r\u00e9guli\u00e8rement dans les territoires &#8230; <\/p>\n<p class=\"read-more-container\"><a title=\"Conflits et revendications\" class=\"read-more button\" href=\"https:\/\/www.eurominority.eu\/index.php\/en\/conflits-et-revendications\/#more-1929\">+<span class=\"screen-reader-text\">Conflits et revendications<\/span><\/a><\/p>\n","protected":false},"author":1,"featured_media":0,"parent":0,"menu_order":0,"comment_status":"closed","ping_status":"closed","template":"","meta":{"om_disable_all_campaigns":false,"_monsterinsights_skip_tracking":false,"_monsterinsights_sitenote_active":false,"_monsterinsights_sitenote_note":"","_monsterinsights_sitenote_category":0,"_uf_show_specific_survey":0,"_uf_disable_surveys":false,"footnotes":""},"class_list":["post-1929","page","type-page","status-publish"],"aioseo_notices":[],"yoast_head":"<!-- This site is optimized with the Yoast SEO plugin v25.6 - https:\/\/yoast.com\/wordpress\/plugins\/seo\/ -->\n<title>Conflits et revendications | Eurominority.eu<\/title>\n<meta name=\"robots\" content=\"index, follow, max-snippet:-1, max-image-preview:large, max-video-preview:-1\" \/>\n<link rel=\"canonical\" href=\"https:\/\/www.eurominority.eu\/index.php\/en\/conflits-et-revendications\/\" \/>\n<meta property=\"og:locale\" content=\"fr_FR\" \/>\n<meta property=\"og:type\" content=\"article\" \/>\n<meta property=\"og:title\" content=\"Conflits et revendications | Eurominority.eu\" \/>\n<meta property=\"og:description\" content=\"De nombreuses manifestations sont r\u00e9guli\u00e8rement organis\u00e9es par les membres de communaut\u00e9s minoritaires pour revendiquer plus de droits, notamment linguistiques. Quand celles-ci rassemblent 10 000 personnes, comme c\u2019est souvent le cas en Bretagne, elles sont pass\u00e9es sous silence par les grands m\u00e9dias. En revanche, comment peut-on oublier ces dizaines de milliers de Catalans d\u00e9filant d\u00e9but 2006 dans les rues de Barcelone afin d\u2019inciter leurs dirigeants \u00e0 r\u00e9former le statut d\u2019autonomie de la Communaut\u00e9 autonome et ainsi inscrire la Catalogne en tant que Nation. Ils d\u00e9filaient sous la banni\u00e8re som una naci\u00f3 (Nous sommes une Nation). Ces d\u00e9monstrations pacifiques d\u2019acteurs culturels ou politiques ont souvent un impact positif mais les changements sont lents \u00e0 se mettre en place. On distingue trois grands types de revendications allant de la recherche de plus de reconnaissance au souhait de s\u2019auto-administrer, soit en b\u00e9n\u00e9ficiant d\u2019un statut d\u2019autonomie, soit en faisant s\u00e9cession. Cela d\u00e9pend largement de la capacit\u00e9 de l\u2019\u00c9tat \u00e0 respecter les diff\u00e9rences et \u00e0 attribuer des pouvoirs propres aux minorit\u00e9s. Lorsque l\u2019attitude de l\u2019\u00c9tat central est trop sectaire, des crispations naissent et cela g\u00e9n\u00e8re des tensions aboutissant \u00e0 des conflits, larv\u00e9s ou totalement ouverts. Lutte arm\u00e9e Des formes d\u2019actions radicales \u00e9mergent r\u00e9guli\u00e8rement dans les territoires ... +Conflits et revendications\" \/>\n<meta property=\"og:url\" content=\"https:\/\/www.eurominority.eu\/index.php\/en\/conflits-et-revendications\/\" \/>\n<meta property=\"og:site_name\" content=\"Eurominority.eu\" \/>\n<meta property=\"article:modified_time\" content=\"2020-05-06T17:21:09+00:00\" \/>\n<meta name=\"twitter:card\" content=\"summary_large_image\" \/>\n<meta name=\"twitter:label1\" content=\"Dur\u00e9e de lecture estim\u00e9e\" \/>\n\t<meta name=\"twitter:data1\" content=\"3 minutes\" \/>\n<script type=\"application\/ld+json\" class=\"yoast-schema-graph\">{\"@context\":\"https:\/\/schema.org\",\"@graph\":[{\"@type\":\"WebPage\",\"@id\":\"https:\/\/www.eurominority.eu\/index.php\/en\/conflits-et-revendications\/\",\"url\":\"https:\/\/www.eurominority.eu\/index.php\/en\/conflits-et-revendications\/\",\"name\":\"Conflits et revendications | Eurominority.eu\",\"isPartOf\":{\"@id\":\"https:\/\/www.eurominority.eu\/#website\"},\"datePublished\":\"2020-05-06T17:21:08+00:00\",\"dateModified\":\"2020-05-06T17:21:09+00:00\",\"breadcrumb\":{\"@id\":\"https:\/\/www.eurominority.eu\/index.php\/en\/conflits-et-revendications\/#breadcrumb\"},\"inLanguage\":\"fr-FR\",\"potentialAction\":[{\"@type\":\"ReadAction\",\"target\":[\"https:\/\/www.eurominority.eu\/index.php\/en\/conflits-et-revendications\/\"]}]},{\"@type\":\"BreadcrumbList\",\"@id\":\"https:\/\/www.eurominority.eu\/index.php\/en\/conflits-et-revendications\/#breadcrumb\",\"itemListElement\":[{\"@type\":\"ListItem\",\"position\":1,\"name\":\"Accueil\",\"item\":\"https:\/\/www.eurominority.eu\/\"},{\"@type\":\"ListItem\",\"position\":2,\"name\":\"Conflits et revendications\"}]},{\"@type\":\"WebSite\",\"@id\":\"https:\/\/www.eurominority.eu\/#website\",\"url\":\"https:\/\/www.eurominority.eu\/\",\"name\":\"Eurominority.eu\",\"description\":\"We are the peoples of the world\",\"publisher\":{\"@id\":\"https:\/\/www.eurominority.eu\/#\/schema\/person\/79505440550055e97873102f1e7ab47f\"},\"potentialAction\":[{\"@type\":\"SearchAction\",\"target\":{\"@type\":\"EntryPoint\",\"urlTemplate\":\"https:\/\/www.eurominority.eu\/?s={search_term_string}\"},\"query-input\":{\"@type\":\"PropertyValueSpecification\",\"valueRequired\":true,\"valueName\":\"search_term_string\"}}],\"inLanguage\":\"fr-FR\"},{\"@type\":[\"Person\",\"Organization\"],\"@id\":\"https:\/\/www.eurominority.eu\/#\/schema\/person\/79505440550055e97873102f1e7ab47f\",\"name\":\"Multinatio\",\"image\":{\"@type\":\"ImageObject\",\"inLanguage\":\"fr-FR\",\"@id\":\"https:\/\/www.eurominority.eu\/#\/schema\/person\/image\/\",\"url\":\"https:\/\/www.eurominority.eu\/wp-content\/uploads\/2023\/03\/cropped-Logo-Eurominority.png\",\"contentUrl\":\"https:\/\/www.eurominority.eu\/wp-content\/uploads\/2023\/03\/cropped-Logo-Eurominority.png\",\"width\":1500,\"height\":462,\"caption\":\"Multinatio\"},\"logo\":{\"@id\":\"https:\/\/www.eurominority.eu\/#\/schema\/person\/image\/\"}}]}<\/script>\n<!-- \/ Yoast SEO plugin. -->","yoast_head_json":{"title":"Conflits et revendications | Eurominority.eu","robots":{"index":"index","follow":"follow","max-snippet":"max-snippet:-1","max-image-preview":"max-image-preview:large","max-video-preview":"max-video-preview:-1"},"canonical":"https:\/\/www.eurominority.eu\/index.php\/en\/conflits-et-revendications\/","og_locale":"fr_FR","og_type":"article","og_title":"Conflits et revendications | Eurominority.eu","og_description":"De nombreuses manifestations sont r\u00e9guli\u00e8rement organis\u00e9es par les membres de communaut\u00e9s minoritaires pour revendiquer plus de droits, notamment linguistiques. Quand celles-ci rassemblent 10 000 personnes, comme c\u2019est souvent le cas en Bretagne, elles sont pass\u00e9es sous silence par les grands m\u00e9dias. En revanche, comment peut-on oublier ces dizaines de milliers de Catalans d\u00e9filant d\u00e9but 2006 dans les rues de Barcelone afin d\u2019inciter leurs dirigeants \u00e0 r\u00e9former le statut d\u2019autonomie de la Communaut\u00e9 autonome et ainsi inscrire la Catalogne en tant que Nation. Ils d\u00e9filaient sous la banni\u00e8re som una naci\u00f3 (Nous sommes une Nation). Ces d\u00e9monstrations pacifiques d\u2019acteurs culturels ou politiques ont souvent un impact positif mais les changements sont lents \u00e0 se mettre en place. On distingue trois grands types de revendications allant de la recherche de plus de reconnaissance au souhait de s\u2019auto-administrer, soit en b\u00e9n\u00e9ficiant d\u2019un statut d\u2019autonomie, soit en faisant s\u00e9cession. Cela d\u00e9pend largement de la capacit\u00e9 de l\u2019\u00c9tat \u00e0 respecter les diff\u00e9rences et \u00e0 attribuer des pouvoirs propres aux minorit\u00e9s. Lorsque l\u2019attitude de l\u2019\u00c9tat central est trop sectaire, des crispations naissent et cela g\u00e9n\u00e8re des tensions aboutissant \u00e0 des conflits, larv\u00e9s ou totalement ouverts. Lutte arm\u00e9e Des formes d\u2019actions radicales \u00e9mergent r\u00e9guli\u00e8rement dans les territoires ... +Conflits et revendications","og_url":"https:\/\/www.eurominority.eu\/index.php\/en\/conflits-et-revendications\/","og_site_name":"Eurominority.eu","article_modified_time":"2020-05-06T17:21:09+00:00","twitter_card":"summary_large_image","twitter_misc":{"Dur\u00e9e de lecture estim\u00e9e":"3 minutes"},"schema":{"@context":"https:\/\/schema.org","@graph":[{"@type":"WebPage","@id":"https:\/\/www.eurominority.eu\/index.php\/en\/conflits-et-revendications\/","url":"https:\/\/www.eurominority.eu\/index.php\/en\/conflits-et-revendications\/","name":"Conflits et revendications | Eurominority.eu","isPartOf":{"@id":"https:\/\/www.eurominority.eu\/#website"},"datePublished":"2020-05-06T17:21:08+00:00","dateModified":"2020-05-06T17:21:09+00:00","breadcrumb":{"@id":"https:\/\/www.eurominority.eu\/index.php\/en\/conflits-et-revendications\/#breadcrumb"},"inLanguage":"fr-FR","potentialAction":[{"@type":"ReadAction","target":["https:\/\/www.eurominority.eu\/index.php\/en\/conflits-et-revendications\/"]}]},{"@type":"BreadcrumbList","@id":"https:\/\/www.eurominority.eu\/index.php\/en\/conflits-et-revendications\/#breadcrumb","itemListElement":[{"@type":"ListItem","position":1,"name":"Accueil","item":"https:\/\/www.eurominority.eu\/"},{"@type":"ListItem","position":2,"name":"Conflits et revendications"}]},{"@type":"WebSite","@id":"https:\/\/www.eurominority.eu\/#website","url":"https:\/\/www.eurominority.eu\/","name":"Eurominority.eu","description":"We are the peoples of the world","publisher":{"@id":"https:\/\/www.eurominority.eu\/#\/schema\/person\/79505440550055e97873102f1e7ab47f"},"potentialAction":[{"@type":"SearchAction","target":{"@type":"EntryPoint","urlTemplate":"https:\/\/www.eurominority.eu\/?s={search_term_string}"},"query-input":{"@type":"PropertyValueSpecification","valueRequired":true,"valueName":"search_term_string"}}],"inLanguage":"fr-FR"},{"@type":["Person","Organization"],"@id":"https:\/\/www.eurominority.eu\/#\/schema\/person\/79505440550055e97873102f1e7ab47f","name":"Multinatio","image":{"@type":"ImageObject","inLanguage":"fr-FR","@id":"https:\/\/www.eurominority.eu\/#\/schema\/person\/image\/","url":"https:\/\/www.eurominority.eu\/wp-content\/uploads\/2023\/03\/cropped-Logo-Eurominority.png","contentUrl":"https:\/\/www.eurominority.eu\/wp-content\/uploads\/2023\/03\/cropped-Logo-Eurominority.png","width":1500,"height":462,"caption":"Multinatio"},"logo":{"@id":"https:\/\/www.eurominority.eu\/#\/schema\/person\/image\/"}}]}},"_links":{"self":[{"href":"https:\/\/www.eurominority.eu\/index.php\/wp-json\/wp\/v2\/pages\/1929"}],"collection":[{"href":"https:\/\/www.eurominority.eu\/index.php\/wp-json\/wp\/v2\/pages"}],"about":[{"href":"https:\/\/www.eurominority.eu\/index.php\/wp-json\/wp\/v2\/types\/page"}],"author":[{"embeddable":true,"href":"https:\/\/www.eurominority.eu\/index.php\/wp-json\/wp\/v2\/users\/1"}],"replies":[{"embeddable":true,"href":"https:\/\/www.eurominority.eu\/index.php\/wp-json\/wp\/v2\/comments?post=1929"}],"version-history":[{"count":1,"href":"https:\/\/www.eurominority.eu\/index.php\/wp-json\/wp\/v2\/pages\/1929\/revisions"}],"predecessor-version":[{"id":1930,"href":"https:\/\/www.eurominority.eu\/index.php\/wp-json\/wp\/v2\/pages\/1929\/revisions\/1930"}],"wp:attachment":[{"href":"https:\/\/www.eurominority.eu\/index.php\/wp-json\/wp\/v2\/media?parent=1929"}],"curies":[{"name":"wp","href":"https:\/\/api.w.org\/{rel}","templated":true}]}}