{"id":3,"date":"2020-04-19T20:03:23","date_gmt":"2020-04-19T18:03:23","guid":{"rendered":"https:\/\/www.eurominority.eu\/?page_id=3"},"modified":"2020-05-18T21:27:08","modified_gmt":"2020-05-18T19:27:08","slug":"mentions-legales","status":"publish","type":"page","link":"https:\/\/www.eurominority.eu\/index.php\/mentions-legales\/","title":{"rendered":"Mentions l\u00e9gales &#038; politique de confidentialit\u00e9"},"content":{"rendered":"<h3 class=\"wp-block-heading\">Droits d\u2019auteur<\/h3><h4 class=\"wp-block-heading\">Contenus \u00e9ditoriaux<\/h4><p>Toute reproduction, int\u00e9grale ou partielle, des textes publi\u00e9s sur ce site n\u2019est pas soumise \u00e0 une autorisation pr\u00e9alable. Cette utilisation doit n\u00e9anmoins mentionner explicitement et obligatoirement la r\u00e9f\u00e9rence \u00e0 Multinatio.eu \/ Eurominority.eu, ainsi que l\u2019url du site source de l\u2019article.<br>Les utilisateurs des contenus \u00e9ditoriaux du site informeront Multinatio.eu \/ Eurominority.eu de l\u2019usage qui en a \u00e9t\u00e9 fait.<\/p><h4 class=\"wp-block-heading\">Photos, images fixes et anim\u00e9es<\/h4><p>Les photos, images fixes et anim\u00e9es, ne peuvent \u00eatre reproduites sans autorisation pr\u00e9alable sollicit\u00e9e aupr\u00e8s de Multinatio.eu \/ Eurominority.eu. La demande pr\u00e9cisera le support de reproduction et son mode de diffusion. Les photos et les images utilis\u00e9es apr\u00e8s autorisation mentionneront le copyright de Multinatio.eu \/ Eurominority.eu ou celui indiqu\u00e9 au moment de l\u2019autorisation de Multinatio.eu \/ Eurominority.eu.<br><br><strong>La reproduction de contenus \u00e9ditoriaux, de photos et d\u2019images dans un but commercial ou publicitaire n\u2019est pas autoris\u00e9e<\/strong>.<\/p><h4 class=\"wp-block-heading\">Liens hypertextes<\/h4><p>Les liens pointant vers la page d\u2019accueil ou l\u2019une des pages du site peuvent \u00eatre \u00e9tablis sans autorisation pr\u00e9alable. Dans ce cas la mention explicite du lien \u00ab Multinatio.eu \/ Eurominority.eu, nations sans \u00c9tat et peuples minoritaires \u00bb sera faite pour informer l\u2019internaute de la teneur du lien.<br>Cette autorisation tacite n\u2019est pas valable pour les sites ayant un but commercial ou publicitaire voulant ainsi se pr\u00e9valoir de la r\u00e9f\u00e9rence de Multinatio.eu \/ Eurominority.eu. Elle ne s\u2018applique pas non plus aux sites internet diffusant des informations \u00e0 caract\u00e8re illicite, violent, pol\u00e9mique, pornographique, x\u00e9nophobe ou pouvant porter atteinte \u00e0 la sensibilit\u00e9 du plus grand nombre.<\/p><h4 class=\"wp-block-heading\">Liens vers les documents<\/h4><p>Il est recommand\u00e9 de ne pas pointer directement vers les documents t\u00e9l\u00e9chargeables du site (cartes, fichiers\u2026) mais de pointer vers les pages les contenant.<br>Multinatio.eu \/ Eurominority.eu ne saurait \u00eatre tenu responsable de l\u2019utilisation abusive qui serait faite des contenus \u00e9ditoriaux, photos, images, liens et documents hors des sites dont il est l\u2019\u00e9diteur.<\/p><h3 class=\"wp-block-heading\">Traitement des donn\u00e9es personnelles<\/h3><h4 class=\"wp-block-heading\">Formulaires de contact<\/h4><p>Les contacts du site sont g\u00e9r\u00e9s par formulaires \u00e9lectroniques. La plupart des informations renseign\u00e9es est obligatoire (nom, pr\u00e9nom, e-mail\u2026). Ces informations sont destin\u00e9es aux services destinataires du message et dans le seul but de r\u00e9pondre \u00e0 la demande.<br><strong>Il n\u2019est proc\u00e9d\u00e9 \u00e0 aucun archivage des donn\u00e9es.<\/strong><\/p><h4 class=\"wp-block-heading\">Droit d\u2019acc\u00e8s, de modification et de suppression aux informations vous concernant<\/h4><p>Pour toute collecte d\u2019informations priv\u00e9es <em>via<\/em> les formulaires pr\u00e9sents sur ce site, vous disposez d\u2019un droit d\u2019acc\u00e8s, de modification, de rectification et de suppression des donn\u00e9es qui vous concernent. Vous pouvez exercer votre droit en en \u00e9crivant \u00e0 :<\/p><p><a href=\"https:\/\/www.eurominority.eu\/index.php\/contact\/\">Mikael Bodlore-Penlaez via le formulaire de contact<\/a><\/p><p>Multinatio.eu \/ Eurominority.eu est h\u00e9berg\u00e9 par OVH, 2 rue Kellermann, 59100 Roubaix, France.<br>Pour contacter cet h\u00e9bergeur, <a rel=\"noreferrer noopener\" href=\"http:\/\/www.ovh.com\/fr\/support\/\" target=\"_blank\">cliquez ici<\/a>.<\/p>","protected":false},"excerpt":{"rendered":"<p>Droits d\u2019auteur Contenus \u00e9ditoriaux Toute reproduction, int\u00e9grale ou partielle, des textes publi\u00e9s sur ce site n\u2019est pas soumise \u00e0 une autorisation pr\u00e9alable. Cette utilisation doit n\u00e9anmoins mentionner explicitement et obligatoirement la r\u00e9f\u00e9rence \u00e0 Multinatio.eu \/ Eurominority.eu, ainsi que l\u2019url du site source de l\u2019article.Les utilisateurs des contenus \u00e9ditoriaux du site informeront Multinatio.eu \/ Eurominority.eu de l\u2019usage qui en a \u00e9t\u00e9 fait. Photos, images fixes et anim\u00e9es Les photos, images fixes et anim\u00e9es, ne peuvent \u00eatre reproduites sans autorisation pr\u00e9alable sollicit\u00e9e aupr\u00e8s de Multinatio.eu \/ Eurominority.eu. La demande pr\u00e9cisera le support de reproduction et son mode de diffusion. Les photos et les images utilis\u00e9es apr\u00e8s autorisation mentionneront le copyright de Multinatio.eu \/ Eurominority.eu ou celui indiqu\u00e9 au moment de l\u2019autorisation de Multinatio.eu \/ Eurominority.eu. La reproduction de contenus \u00e9ditoriaux, de photos et d\u2019images dans un but commercial ou publicitaire n\u2019est pas autoris\u00e9e. Liens hypertextes Les liens pointant vers la page d\u2019accueil ou l\u2019une des pages du site peuvent \u00eatre \u00e9tablis sans autorisation pr\u00e9alable. Dans ce cas la mention explicite du lien \u00ab Multinatio.eu \/ Eurominority.eu, nations sans \u00c9tat et peuples minoritaires \u00bb sera faite pour informer l\u2019internaute de la teneur du lien.Cette autorisation tacite n\u2019est pas valable pour les sites ayant &#8230; <\/p>\n<p class=\"read-more-container\"><a title=\"Mentions l\u00e9gales &#038; politique de confidentialit\u00e9\" class=\"read-more button\" href=\"https:\/\/www.eurominority.eu\/index.php\/mentions-legales\/#more-3\">+<span class=\"screen-reader-text\">Mentions l\u00e9gales &#038; politique de confidentialit\u00e9<\/span><\/a><\/p>\n","protected":false},"author":1,"featured_media":0,"parent":0,"menu_order":0,"comment_status":"closed","ping_status":"closed","template":"","meta":{"om_disable_all_campaigns":false,"_monsterinsights_skip_tracking":false,"_monsterinsights_sitenote_active":false,"_monsterinsights_sitenote_note":"","_monsterinsights_sitenote_category":0,"_uf_show_specific_survey":0,"_uf_disable_surveys":false,"footnotes":""},"class_list":["post-3","page","type-page","status-publish"],"aioseo_notices":[],"yoast_head":"<!-- This site is optimized with the Yoast SEO plugin v25.6 - https:\/\/yoast.com\/wordpress\/plugins\/seo\/ -->\n<title>Mentions l\u00e9gales &amp; politique de confidentialit\u00e9 | Eurominority.eu<\/title>\n<meta name=\"robots\" content=\"index, follow, max-snippet:-1, max-image-preview:large, max-video-preview:-1\" \/>\n<link rel=\"canonical\" href=\"https:\/\/www.eurominority.eu\/index.php\/mentions-legales\/\" \/>\n<meta property=\"og:locale\" content=\"fr_FR\" \/>\n<meta property=\"og:type\" content=\"article\" \/>\n<meta property=\"og:title\" content=\"Mentions l\u00e9gales &amp; politique de confidentialit\u00e9 | Eurominority.eu\" \/>\n<meta property=\"og:description\" content=\"Droits d\u2019auteur Contenus \u00e9ditoriaux Toute reproduction, int\u00e9grale ou partielle, des textes publi\u00e9s sur ce site n\u2019est pas soumise \u00e0 une autorisation pr\u00e9alable. Cette utilisation doit n\u00e9anmoins mentionner explicitement et obligatoirement la r\u00e9f\u00e9rence \u00e0 Multinatio.eu \/ Eurominority.eu, ainsi que l\u2019url du site source de l\u2019article.Les utilisateurs des contenus \u00e9ditoriaux du site informeront Multinatio.eu \/ Eurominority.eu de l\u2019usage qui en a \u00e9t\u00e9 fait. Photos, images fixes et anim\u00e9es Les photos, images fixes et anim\u00e9es, ne peuvent \u00eatre reproduites sans autorisation pr\u00e9alable sollicit\u00e9e aupr\u00e8s de Multinatio.eu \/ Eurominority.eu. La demande pr\u00e9cisera le support de reproduction et son mode de diffusion. Les photos et les images utilis\u00e9es apr\u00e8s autorisation mentionneront le copyright de Multinatio.eu \/ Eurominority.eu ou celui indiqu\u00e9 au moment de l\u2019autorisation de Multinatio.eu \/ Eurominority.eu. La reproduction de contenus \u00e9ditoriaux, de photos et d\u2019images dans un but commercial ou publicitaire n\u2019est pas autoris\u00e9e. Liens hypertextes Les liens pointant vers la page d\u2019accueil ou l\u2019une des pages du site peuvent \u00eatre \u00e9tablis sans autorisation pr\u00e9alable. Dans ce cas la mention explicite du lien \u00ab Multinatio.eu \/ Eurominority.eu, nations sans \u00c9tat et peuples minoritaires \u00bb sera faite pour informer l\u2019internaute de la teneur du lien.Cette autorisation tacite n\u2019est pas valable pour les sites ayant ... +Mentions l\u00e9gales &#038; politique de confidentialit\u00e9\" \/>\n<meta property=\"og:url\" content=\"https:\/\/www.eurominority.eu\/index.php\/mentions-legales\/\" \/>\n<meta property=\"og:site_name\" content=\"Eurominority.eu\" \/>\n<meta property=\"article:modified_time\" content=\"2020-05-18T19:27:08+00:00\" \/>\n<meta name=\"twitter:card\" content=\"summary_large_image\" \/>\n<meta name=\"twitter:label1\" content=\"Dur\u00e9e de lecture estim\u00e9e\" \/>\n\t<meta name=\"twitter:data1\" content=\"2 minutes\" \/>\n<script type=\"application\/ld+json\" class=\"yoast-schema-graph\">{\"@context\":\"https:\/\/schema.org\",\"@graph\":[{\"@type\":\"WebPage\",\"@id\":\"https:\/\/www.eurominority.eu\/index.php\/mentions-legales\/\",\"url\":\"https:\/\/www.eurominority.eu\/index.php\/mentions-legales\/\",\"name\":\"Mentions l\u00e9gales & politique de confidentialit\u00e9 | Eurominority.eu\",\"isPartOf\":{\"@id\":\"https:\/\/www.eurominority.eu\/#website\"},\"datePublished\":\"2020-04-19T18:03:23+00:00\",\"dateModified\":\"2020-05-18T19:27:08+00:00\",\"breadcrumb\":{\"@id\":\"https:\/\/www.eurominority.eu\/index.php\/mentions-legales\/#breadcrumb\"},\"inLanguage\":\"fr-FR\",\"potentialAction\":[{\"@type\":\"ReadAction\",\"target\":[\"https:\/\/www.eurominority.eu\/index.php\/mentions-legales\/\"]}]},{\"@type\":\"BreadcrumbList\",\"@id\":\"https:\/\/www.eurominority.eu\/index.php\/mentions-legales\/#breadcrumb\",\"itemListElement\":[{\"@type\":\"ListItem\",\"position\":1,\"name\":\"Accueil\",\"item\":\"https:\/\/www.eurominority.eu\/\"},{\"@type\":\"ListItem\",\"position\":2,\"name\":\"Mentions l\u00e9gales &#038; politique de confidentialit\u00e9\"}]},{\"@type\":\"WebSite\",\"@id\":\"https:\/\/www.eurominority.eu\/#website\",\"url\":\"https:\/\/www.eurominority.eu\/\",\"name\":\"Eurominority.eu\",\"description\":\"We are the peoples of the world\",\"publisher\":{\"@id\":\"https:\/\/www.eurominority.eu\/#\/schema\/person\/79505440550055e97873102f1e7ab47f\"},\"potentialAction\":[{\"@type\":\"SearchAction\",\"target\":{\"@type\":\"EntryPoint\",\"urlTemplate\":\"https:\/\/www.eurominority.eu\/?s={search_term_string}\"},\"query-input\":{\"@type\":\"PropertyValueSpecification\",\"valueRequired\":true,\"valueName\":\"search_term_string\"}}],\"inLanguage\":\"fr-FR\"},{\"@type\":[\"Person\",\"Organization\"],\"@id\":\"https:\/\/www.eurominority.eu\/#\/schema\/person\/79505440550055e97873102f1e7ab47f\",\"name\":\"Multinatio\",\"image\":{\"@type\":\"ImageObject\",\"inLanguage\":\"fr-FR\",\"@id\":\"https:\/\/www.eurominority.eu\/#\/schema\/person\/image\/\",\"url\":\"https:\/\/www.eurominority.eu\/wp-content\/uploads\/2023\/03\/cropped-Logo-Eurominority.png\",\"contentUrl\":\"https:\/\/www.eurominority.eu\/wp-content\/uploads\/2023\/03\/cropped-Logo-Eurominority.png\",\"width\":1500,\"height\":462,\"caption\":\"Multinatio\"},\"logo\":{\"@id\":\"https:\/\/www.eurominority.eu\/#\/schema\/person\/image\/\"}}]}<\/script>\n<!-- \/ Yoast SEO plugin. -->","yoast_head_json":{"title":"Mentions l\u00e9gales & politique de confidentialit\u00e9 | Eurominority.eu","robots":{"index":"index","follow":"follow","max-snippet":"max-snippet:-1","max-image-preview":"max-image-preview:large","max-video-preview":"max-video-preview:-1"},"canonical":"https:\/\/www.eurominority.eu\/index.php\/mentions-legales\/","og_locale":"fr_FR","og_type":"article","og_title":"Mentions l\u00e9gales & politique de confidentialit\u00e9 | Eurominority.eu","og_description":"Droits d\u2019auteur Contenus \u00e9ditoriaux Toute reproduction, int\u00e9grale ou partielle, des textes publi\u00e9s sur ce site n\u2019est pas soumise \u00e0 une autorisation pr\u00e9alable. Cette utilisation doit n\u00e9anmoins mentionner explicitement et obligatoirement la r\u00e9f\u00e9rence \u00e0 Multinatio.eu \/ Eurominority.eu, ainsi que l\u2019url du site source de l\u2019article.Les utilisateurs des contenus \u00e9ditoriaux du site informeront Multinatio.eu \/ Eurominority.eu de l\u2019usage qui en a \u00e9t\u00e9 fait. Photos, images fixes et anim\u00e9es Les photos, images fixes et anim\u00e9es, ne peuvent \u00eatre reproduites sans autorisation pr\u00e9alable sollicit\u00e9e aupr\u00e8s de Multinatio.eu \/ Eurominority.eu. La demande pr\u00e9cisera le support de reproduction et son mode de diffusion. Les photos et les images utilis\u00e9es apr\u00e8s autorisation mentionneront le copyright de Multinatio.eu \/ Eurominority.eu ou celui indiqu\u00e9 au moment de l\u2019autorisation de Multinatio.eu \/ Eurominority.eu. La reproduction de contenus \u00e9ditoriaux, de photos et d\u2019images dans un but commercial ou publicitaire n\u2019est pas autoris\u00e9e. Liens hypertextes Les liens pointant vers la page d\u2019accueil ou l\u2019une des pages du site peuvent \u00eatre \u00e9tablis sans autorisation pr\u00e9alable. Dans ce cas la mention explicite du lien \u00ab Multinatio.eu \/ Eurominority.eu, nations sans \u00c9tat et peuples minoritaires \u00bb sera faite pour informer l\u2019internaute de la teneur du lien.Cette autorisation tacite n\u2019est pas valable pour les sites ayant ... +Mentions l\u00e9gales &#038; politique de confidentialit\u00e9","og_url":"https:\/\/www.eurominority.eu\/index.php\/mentions-legales\/","og_site_name":"Eurominority.eu","article_modified_time":"2020-05-18T19:27:08+00:00","twitter_card":"summary_large_image","twitter_misc":{"Dur\u00e9e de lecture estim\u00e9e":"2 minutes"},"schema":{"@context":"https:\/\/schema.org","@graph":[{"@type":"WebPage","@id":"https:\/\/www.eurominority.eu\/index.php\/mentions-legales\/","url":"https:\/\/www.eurominority.eu\/index.php\/mentions-legales\/","name":"Mentions l\u00e9gales & politique de confidentialit\u00e9 | Eurominority.eu","isPartOf":{"@id":"https:\/\/www.eurominority.eu\/#website"},"datePublished":"2020-04-19T18:03:23+00:00","dateModified":"2020-05-18T19:27:08+00:00","breadcrumb":{"@id":"https:\/\/www.eurominority.eu\/index.php\/mentions-legales\/#breadcrumb"},"inLanguage":"fr-FR","potentialAction":[{"@type":"ReadAction","target":["https:\/\/www.eurominority.eu\/index.php\/mentions-legales\/"]}]},{"@type":"BreadcrumbList","@id":"https:\/\/www.eurominority.eu\/index.php\/mentions-legales\/#breadcrumb","itemListElement":[{"@type":"ListItem","position":1,"name":"Accueil","item":"https:\/\/www.eurominority.eu\/"},{"@type":"ListItem","position":2,"name":"Mentions l\u00e9gales &#038; politique de confidentialit\u00e9"}]},{"@type":"WebSite","@id":"https:\/\/www.eurominority.eu\/#website","url":"https:\/\/www.eurominority.eu\/","name":"Eurominority.eu","description":"We are the peoples of the world","publisher":{"@id":"https:\/\/www.eurominority.eu\/#\/schema\/person\/79505440550055e97873102f1e7ab47f"},"potentialAction":[{"@type":"SearchAction","target":{"@type":"EntryPoint","urlTemplate":"https:\/\/www.eurominority.eu\/?s={search_term_string}"},"query-input":{"@type":"PropertyValueSpecification","valueRequired":true,"valueName":"search_term_string"}}],"inLanguage":"fr-FR"},{"@type":["Person","Organization"],"@id":"https:\/\/www.eurominority.eu\/#\/schema\/person\/79505440550055e97873102f1e7ab47f","name":"Multinatio","image":{"@type":"ImageObject","inLanguage":"fr-FR","@id":"https:\/\/www.eurominority.eu\/#\/schema\/person\/image\/","url":"https:\/\/www.eurominority.eu\/wp-content\/uploads\/2023\/03\/cropped-Logo-Eurominority.png","contentUrl":"https:\/\/www.eurominority.eu\/wp-content\/uploads\/2023\/03\/cropped-Logo-Eurominority.png","width":1500,"height":462,"caption":"Multinatio"},"logo":{"@id":"https:\/\/www.eurominority.eu\/#\/schema\/person\/image\/"}}]}},"_links":{"self":[{"href":"https:\/\/www.eurominority.eu\/index.php\/wp-json\/wp\/v2\/pages\/3"}],"collection":[{"href":"https:\/\/www.eurominority.eu\/index.php\/wp-json\/wp\/v2\/pages"}],"about":[{"href":"https:\/\/www.eurominority.eu\/index.php\/wp-json\/wp\/v2\/types\/page"}],"author":[{"embeddable":true,"href":"https:\/\/www.eurominority.eu\/index.php\/wp-json\/wp\/v2\/users\/1"}],"replies":[{"embeddable":true,"href":"https:\/\/www.eurominority.eu\/index.php\/wp-json\/wp\/v2\/comments?post=3"}],"version-history":[{"count":3,"href":"https:\/\/www.eurominority.eu\/index.php\/wp-json\/wp\/v2\/pages\/3\/revisions"}],"predecessor-version":[{"id":2301,"href":"https:\/\/www.eurominority.eu\/index.php\/wp-json\/wp\/v2\/pages\/3\/revisions\/2301"}],"wp:attachment":[{"href":"https:\/\/www.eurominority.eu\/index.php\/wp-json\/wp\/v2\/media?parent=3"}],"curies":[{"name":"wp","href":"https:\/\/api.w.org\/{rel}","templated":true}]}}