{"id":436,"date":"2020-05-01T21:39:59","date_gmt":"2020-05-01T19:39:59","guid":{"rendered":"https:\/\/www.eurominority.eu\/?page_id=436"},"modified":"2020-05-15T22:07:25","modified_gmt":"2020-05-15T20:07:25","slug":"cachoubie","status":"publish","type":"page","link":"https:\/\/www.eurominority.eu\/index.php\/cachoubie\/","title":{"rendered":"Cachoubie"},"content":{"rendered":"<h2 class=\"wp-block-heading\">Cachoubie, les Slaves de la Baltique<\/h2><div class=\"wp-block-image\"><figure class=\"aligncenter\"><img loading=\"lazy\" decoding=\"async\" width=\"100\" height=\"100\" src=\"https:\/\/www.eurominority.eu\/wp-content\/uploads\/2020\/05\/Logo-Multinatio_gris-clair.jpg\" alt=\"\" class=\"wp-image-1624\"\/><\/figure><\/div><p class=\"has-medium-font-size\">Descendants directs des tribus slaves de Pom\u00e9ranie\n(signifiant pays le long de la mer, la Baltique en l\u2019occurrence), les Cachoubes\nexpriment de nouveau leur identit\u00e9 dans une Pologne aujourd\u2019hui plus libre.\nSouvent assimil\u00e9s aux Polonais, ils se distinguent par leur langue. Kaszub\n\u00e9tait le nom du manteau qu\u2019ils portaient traditionnellement. <\/p><div class=\"wp-block-image\"><figure class=\"alignright is-resized\"><img loading=\"lazy\" decoding=\"async\" src=\"https:\/\/www.eurominority.eu\/wp-content\/uploads\/2020\/05\/flag_cashubia.png\" alt=\"\" class=\"wp-image-289\" width=\"300\" height=\"199\" srcset=\"https:\/\/www.eurominority.eu\/wp-content\/uploads\/2020\/05\/flag_cashubia.png 600w, https:\/\/www.eurominority.eu\/wp-content\/uploads\/2020\/05\/flag_cashubia-300x199.png 300w\" sizes=\"(max-width: 300px) 100vw, 300px\" \/><figcaption> Le drapeau cachoube reprend les couleurs des armoiries qui font figurer  un griffon noir sur fond jaune. Ces deux couleurs se retrouvent sur une  grande partie des armoiries officielles des villes et arrondissements de  Cachoubie. Ce drapeau est aujourd\u2019hui privil\u00e9gi\u00e9 par les r\u00e9gionalistes  cachoubes. <\/figcaption><\/figure><\/div><p>Les Cachoubes ont v\u00e9cu entre diff\u00e9rents \u00c9tats, tant\u00f4t\nAllemands, tant\u00f4t Polonais, ils ont surv\u00e9cu au r\u00e9gime communiste qui a tent\u00e9 de\nles assimiler. Les familles cachoubes devaient parler leur langue en secret,\nmais ont su la conserver et la transmettre. Gda\u0144sk, la principale agglom\u00e9ration\nde Cachoubie, a \u00e9t\u00e9 longtemps plus connue sous le nom allemand de Dantzig. <\/p><p>Aujourd\u2019hui, les Cachoubes aspirent surtout \u00e0 sauvegarder\nleur langue, mais des mouvements pour la cr\u00e9ation d\u2019un r\u00e9gion cachoube\n\u00e9mergent, m\u00eame si la Cachoubie n\u2019a jamais \u00e9t\u00e9 un \u00c9tat souverain. Malgr\u00e9 un\nfaible nombre de locuteurs, la majorit\u00e9 de la population se consid\u00e8re cachoube.\nCe sentiment est confort\u00e9 par l\u2019autoristion depuis 2005 d\u2019utiliser la langue en\ncompl\u00e9ment du polonais.<\/p><p>Aujourd\u2019hui enseign\u00e9 \u00e0 6 000 \u00e9l\u00e8ves, le cachoube est une\nmati\u00e8re optionnelle au baccalaur\u00e9at depuis cette date.<\/p><p>De nombreuses associations de promotion de la culture cachoube\nse structurent depuis quelques ann\u00e9es. La principale organisation est\nl\u2019association Cachoubienne-pom\u00e9ranienne. Odroda, une autre association, milite\npour la renaissance de la culture cachoube.<\/p><div class=\"wp-block-image\"><figure class=\"aligncenter\"><img loading=\"lazy\" decoding=\"async\" width=\"261\" height=\"71\" src=\"https:\/\/www.eurominority.eu\/wp-content\/uploads\/2020\/05\/Logo-Multinatio_gris-clair-x3.jpg\" alt=\"\" class=\"wp-image-1637\"\/><\/figure><\/div><h3 class=\"wp-block-heading\">Carte d\u2019identit\u00e9<\/h3><figure class=\"wp-block-image\"><img loading=\"lazy\" decoding=\"async\" width=\"963\" height=\"26\" src=\"https:\/\/www.eurominority.eu\/wp-content\/uploads\/2020\/05\/Logo-Multinatio_bandesgrises.jpg\" alt=\"\" class=\"wp-image-1644\" srcset=\"https:\/\/www.eurominority.eu\/wp-content\/uploads\/2020\/05\/Logo-Multinatio_bandesgrises.jpg 963w, https:\/\/www.eurominority.eu\/wp-content\/uploads\/2020\/05\/Logo-Multinatio_bandesgrises-600x16.jpg 600w, https:\/\/www.eurominority.eu\/wp-content\/uploads\/2020\/05\/Logo-Multinatio_bandesgrises-300x8.jpg 300w, https:\/\/www.eurominority.eu\/wp-content\/uploads\/2020\/05\/Logo-Multinatio_bandesgrises-768x21.jpg 768w\" sizes=\"(max-width: 963px) 100vw, 963px\" \/><\/figure><figure class=\"wp-block-table is-style-stripes\"><table><tbody><tr><td><em>Nom<\/em><\/td><td><strong>Kasz\u00ebb\u00eb  <\/strong>| <em>cachoub<\/em>e<br> <strong><em>Kaszuby  <\/em><\/strong>| <em>polonais<\/em> <br>(Cachoubie)<\/td><\/tr><tr><td><em>Population  <\/em><\/td><td><strong>2 515 000 hab.<\/strong> (2006) (dont 570 000 Cachoubes)<\/td><\/tr><tr><td><em>Superficie<\/em><\/td><td><strong>6 870 km\u00b2<\/strong> <\/td><\/tr><tr><td><em>Langues<\/em><\/td><td><strong>Kasz\u00ebbsczi  <\/strong>| <em>cachoub<\/em>e (sans statut officiel) <br><strong><em>Polski  <\/em><\/strong>| <em>polonais<\/em> (officielle)<\/td><\/tr><tr><td><em>Nombre de locuteurs<\/em><\/td><td><strong>108 000<\/strong>  | <em>cachoub<\/em>e (2011)<\/td><\/tr><tr><td><em>\u00c9tat de tutelle<\/em><\/td><td><strong> Pologne<\/strong> <\/td><\/tr><tr><td><em>Statut officiel<\/em><\/td><td><strong> Aucun statut <\/strong><\/td><\/tr><tr><td><em>Capitale<\/em><\/td><td><strong>Kartuz\u00eb  <\/strong>| <em>cachoub<\/em>e <br><strong><em>Kartuzy  <\/em><\/strong>| <em>polonais<\/em><\/td><\/tr><tr><td><em>Religion historique<\/em><\/td><td><strong> Chr\u00e9tiens catholiques<\/strong> <\/td><\/tr><tr><td><em>Drapeau<\/em><\/td><td><strong>Fana Kasz\u00ebbsczi<\/strong>  | <em>cachoub<\/em>e <br>(Drapeau cachoube)<\/td><\/tr><tr><td><em>Hymne<\/em><\/td><td> Pas d\u2019hymne <\/td><\/tr><tr><td><em>Devise<\/em><\/td><td> Pas de devise <\/td><\/tr><\/tbody><\/table><\/figure><div class=\"wp-block-image\"><figure class=\"aligncenter\"><img loading=\"lazy\" decoding=\"async\" width=\"261\" height=\"71\" src=\"https:\/\/www.eurominority.eu\/wp-content\/uploads\/2020\/05\/Logo-Multinatio_gris-clair-x3.jpg\" alt=\"\" class=\"wp-image-1637\"\/><\/figure><\/div><h3 class=\"wp-block-heading\">Chronologie<\/h3><figure class=\"wp-block-image\"><img loading=\"lazy\" decoding=\"async\" width=\"963\" height=\"26\" src=\"https:\/\/www.eurominority.eu\/wp-content\/uploads\/2020\/05\/Logo-Multinatio_bandesgrises.jpg\" alt=\"\" class=\"wp-image-1644\" srcset=\"https:\/\/www.eurominority.eu\/wp-content\/uploads\/2020\/05\/Logo-Multinatio_bandesgrises.jpg 963w, https:\/\/www.eurominority.eu\/wp-content\/uploads\/2020\/05\/Logo-Multinatio_bandesgrises-600x16.jpg 600w, https:\/\/www.eurominority.eu\/wp-content\/uploads\/2020\/05\/Logo-Multinatio_bandesgrises-300x8.jpg 300w, https:\/\/www.eurominority.eu\/wp-content\/uploads\/2020\/05\/Logo-Multinatio_bandesgrises-768x21.jpg 768w\" sizes=\"(max-width: 963px) 100vw, 963px\" \/><\/figure><ul class=\"wp-block-list\"><li><strong>XIIIe \u2022<\/strong> premi\u00e8re mention des Cachoubes sur le sceau de Barnim.<\/li><li> <strong>XIIIe \u2022<\/strong> Le Duc de Pom\u00e9ranie se fait nommer Duc de Cachoubie. <\/li><li> <strong>1648 \u2022<\/strong> Les Rois de Su\u00e8de sont \u00ab Ducs de Cachoubie \u00bb. <\/li><li> <strong>1843 \u2022<\/strong> Les Prussiens prennent le contr\u00f4le de la Cachoubie. Les Cachoubes \u00e9migrent en masse en Am\u00e9rique du Nord. <\/li><li> <strong>1919 \u2022<\/strong> Pr\u00e9f\u00e9rant \u00eatre Polonais qu\u2019Allemand, l\u2019activiste cachoube Antonie  Abraham d\u00e9clare \u00ab Il n\u2019y a pas de Cachoubie sans Pologne et de Pologne  sans Cachoubie \u00bb. <\/li><li> <strong>1939-1945 \u2022<\/strong> Ex\u00e9cutions sommaires de Cachoubes par les Nazis.  <\/li><li><strong>1945 \u2022<\/strong> Les Cachoubes germanis\u00e9s de force entre le XIVe et le XIXe sont expuls\u00e9s de Pologne \u00e0 la lib\u00e9ration. <\/li><li> <strong>1990 \u2022<\/strong> Les mouvements en faveur de la langue cachoube renaissent apr\u00e8s la chute du r\u00e9gime communiste en Pologne. <\/li><\/ul><div class=\"wp-block-image\"><figure class=\"aligncenter\"><img loading=\"lazy\" decoding=\"async\" width=\"261\" height=\"71\" src=\"https:\/\/www.eurominority.eu\/wp-content\/uploads\/2020\/05\/Logo-Multinatio_gris-clair-x3.jpg\" alt=\"\" class=\"wp-image-1637\"\/><\/figure><\/div><h3 class=\"wp-block-heading\">Zoom historique<\/h3><figure class=\"wp-block-image\"><img loading=\"lazy\" decoding=\"async\" width=\"963\" height=\"26\" src=\"https:\/\/www.eurominority.eu\/wp-content\/uploads\/2020\/05\/Logo-Multinatio_bandesgrises.jpg\" alt=\"\" class=\"wp-image-1644\" srcset=\"https:\/\/www.eurominority.eu\/wp-content\/uploads\/2020\/05\/Logo-Multinatio_bandesgrises.jpg 963w, https:\/\/www.eurominority.eu\/wp-content\/uploads\/2020\/05\/Logo-Multinatio_bandesgrises-600x16.jpg 600w, https:\/\/www.eurominority.eu\/wp-content\/uploads\/2020\/05\/Logo-Multinatio_bandesgrises-300x8.jpg 300w, https:\/\/www.eurominority.eu\/wp-content\/uploads\/2020\/05\/Logo-Multinatio_bandesgrises-768x21.jpg 768w\" sizes=\"(max-width: 963px) 100vw, 963px\" \/><\/figure><p>Le mouvement cachoube se structure essentiellement par\nrapport \u00e0 la langue. Le premier militant en faveur de la langue, Ceynowa\nFlorian, a largement travaill\u00e9 \u00e0 la standardisation linguistique, notamment\nl\u2019orthographe et la grammaire. Ce travail date de 1879. Initiant des journaux\nlitt\u00e9raires, Zrz\u00ebsz Kasz\u00ebbsk\u00f4 par exemple, ces militants ont permis une\ndiffusion de la langue jusqu\u2019\u00e0 nos jours. Ainsi aujourd\u2019hui, l\u2019enseignement\npeut se d\u00e9velopper et le nombre d\u2019\u00e9l\u00e8ves atteindre 6 000 ce qui est\nmalheureusement tr\u00e8s peu par rapport \u00e0 l\u2019ensemble des \u00e9l\u00e8ves scolaris\u00e9s. Les\nautorit\u00e9s polonaises, r\u00e9ticentes pour installer un bilinguisme officiel, ont\ntoutefois ratifi\u00e9 la Charte europ\u00e9enne des langues r\u00e9gionales ou minoritaires.\nDes panneaux de signalisation bilingue ont \u00e9t\u00e9 install\u00e9s au d\u00e9but des ann\u00e9es\n2000, mais ces derniers ont rapidement \u00e9t\u00e9 d\u00e9t\u00e9rior\u00e9s par des opposants \u00e0 toute\nforme de pluralisme en Pologne.<\/p><div class=\"wp-block-image\"><figure class=\"aligncenter\"><img loading=\"lazy\" decoding=\"async\" width=\"261\" height=\"71\" src=\"https:\/\/www.eurominority.eu\/wp-content\/uploads\/2020\/05\/Logo-Multinatio_gris-clair-x3.jpg\" alt=\"\" class=\"wp-image-1637\"\/><\/figure><\/div><h3 class=\"wp-block-heading\">G\u00e9ographie<\/h3><figure class=\"wp-block-image\"><img loading=\"lazy\" decoding=\"async\" width=\"963\" height=\"26\" src=\"https:\/\/www.eurominority.eu\/wp-content\/uploads\/2020\/05\/Logo-Multinatio_bandesgrises.jpg\" alt=\"\" class=\"wp-image-1644\" srcset=\"https:\/\/www.eurominority.eu\/wp-content\/uploads\/2020\/05\/Logo-Multinatio_bandesgrises.jpg 963w, https:\/\/www.eurominority.eu\/wp-content\/uploads\/2020\/05\/Logo-Multinatio_bandesgrises-600x16.jpg 600w, https:\/\/www.eurominority.eu\/wp-content\/uploads\/2020\/05\/Logo-Multinatio_bandesgrises-300x8.jpg 300w, https:\/\/www.eurominority.eu\/wp-content\/uploads\/2020\/05\/Logo-Multinatio_bandesgrises-768x21.jpg 768w\" sizes=\"(max-width: 963px) 100vw, 963px\" \/><\/figure><p>Jamais la Cachoubie n\u2019a eu de statut particulier. Il s\u2019agit\nd\u2019un territoire pom\u00e9ranien, litt\u00e9ralement \u00ab le long de la mer \u00bb. La Pom\u00e9ranie\net la Cachoubie ont toujours \u00e9t\u00e9 partag\u00e9es entre plusieurs r\u00e9gions ou \u00c9tats\n(Pologne, Danemark, Saxe, Brandebourg, Prusse, Su\u00e8de, Allemagne). Gdansk en est\ncertainement la ville la plus embl\u00e9matique. Traditionnellement la soci\u00e9t\u00e9\ncachoube \u00e9tait tourn\u00e9e vers la p\u00eache et l\u2019agriculture, ceci s\u2019expliquant par sa\nposition proche de la Baltique. La ville de Gdansk s\u2019est tr\u00e8s vite convertie\ndans les activit\u00e9s industrielles. Les principales villes cachoubes sont Gdansk,\nWejrowo, Karuze (consid\u00e9r\u00e9 comme la capitale de facto), Betowo, Koscerzena et\nChonice. La Cachoubie repr\u00e9sente presque l\u2019int\u00e9gralit\u00e9 de la nouvelle vo\u00efvodie\nde Pom\u00e9ranie. Elle rassemble 9 des 15 districts (powiat) de cette r\u00e9gion,\nparfois uniquement partiellement. <\/p><div class=\"wp-block-image\"><figure class=\"aligncenter\"><img loading=\"lazy\" decoding=\"async\" width=\"180\" height=\"73\" src=\"https:\/\/www.eurominority.eu\/wp-content\/uploads\/2020\/05\/Logo-Multinatio_mbleu-1.jpg\" alt=\"\" class=\"wp-image-1652\"\/><\/figure><\/div><figure class=\"wp-block-image\"><img loading=\"lazy\" decoding=\"async\" width=\"585\" height=\"700\" src=\"https:\/\/www.eurominority.eu\/wp-content\/uploads\/2020\/05\/map_kashubs_fra.png\" alt=\"\" class=\"wp-image-371\" srcset=\"https:\/\/www.eurominority.eu\/wp-content\/uploads\/2020\/05\/map_kashubs_fra.png 585w, https:\/\/www.eurominority.eu\/wp-content\/uploads\/2020\/05\/map_kashubs_fra-251x300.png 251w\" sizes=\"(max-width: 585px) 100vw, 585px\" \/><\/figure><div class=\"wp-block-image\"><figure class=\"aligncenter\"><img loading=\"lazy\" decoding=\"async\" width=\"180\" height=\"73\" src=\"https:\/\/www.eurominority.eu\/wp-content\/uploads\/2020\/05\/Logo-Multinatio_mgris.jpg\" alt=\"\" class=\"wp-image-1653\"\/><\/figure><\/div>","protected":false},"excerpt":{"rendered":"<p>Cachoubie, les Slaves de la Baltique Descendants directs des tribus slaves de Pom\u00e9ranie (signifiant pays le long de la mer, la Baltique en l\u2019occurrence), les Cachoubes expriment de nouveau leur identit\u00e9 dans une Pologne aujourd\u2019hui plus libre. Souvent assimil\u00e9s aux Polonais, ils se distinguent par leur langue. Kaszub \u00e9tait le nom du manteau qu\u2019ils portaient traditionnellement. Les Cachoubes ont v\u00e9cu entre diff\u00e9rents \u00c9tats, tant\u00f4t Allemands, tant\u00f4t Polonais, ils ont surv\u00e9cu au r\u00e9gime communiste qui a tent\u00e9 de les assimiler. Les familles cachoubes devaient parler leur langue en secret, mais ont su la conserver et la transmettre. Gda\u0144sk, la principale agglom\u00e9ration de Cachoubie, a \u00e9t\u00e9 longtemps plus connue sous le nom allemand de Dantzig. Aujourd\u2019hui, les Cachoubes aspirent surtout \u00e0 sauvegarder leur langue, mais des mouvements pour la cr\u00e9ation d\u2019un r\u00e9gion cachoube \u00e9mergent, m\u00eame si la Cachoubie n\u2019a jamais \u00e9t\u00e9 un \u00c9tat souverain. Malgr\u00e9 un faible nombre de locuteurs, la majorit\u00e9 de la population se consid\u00e8re cachoube. Ce sentiment est confort\u00e9 par l\u2019autoristion depuis 2005 d\u2019utiliser la langue en compl\u00e9ment du polonais. Aujourd\u2019hui enseign\u00e9 \u00e0 6 000 \u00e9l\u00e8ves, le cachoube est une mati\u00e8re optionnelle au baccalaur\u00e9at depuis cette date. De nombreuses associations de promotion de la culture cachoube se structurent depuis &#8230; <\/p>\n<p class=\"read-more-container\"><a title=\"Cachoubie\" class=\"read-more button\" href=\"https:\/\/www.eurominority.eu\/index.php\/cachoubie\/#more-436\">+<span class=\"screen-reader-text\">Cachoubie<\/span><\/a><\/p>\n","protected":false},"author":1,"featured_media":0,"parent":0,"menu_order":0,"comment_status":"closed","ping_status":"closed","template":"","meta":{"om_disable_all_campaigns":false,"_monsterinsights_skip_tracking":false,"_monsterinsights_sitenote_active":false,"_monsterinsights_sitenote_note":"","_monsterinsights_sitenote_category":0,"_uf_show_specific_survey":0,"_uf_disable_surveys":false,"footnotes":""},"class_list":["post-436","page","type-page","status-publish"],"aioseo_notices":[],"yoast_head":"<!-- This site is optimized with the Yoast SEO plugin v25.6 - https:\/\/yoast.com\/wordpress\/plugins\/seo\/ -->\n<title>Cachoubie | Eurominority.eu<\/title>\n<meta name=\"robots\" content=\"index, follow, max-snippet:-1, max-image-preview:large, max-video-preview:-1\" \/>\n<link rel=\"canonical\" href=\"https:\/\/www.eurominority.eu\/index.php\/cachoubie\/\" \/>\n<meta property=\"og:locale\" content=\"fr_FR\" \/>\n<meta property=\"og:type\" content=\"article\" \/>\n<meta property=\"og:title\" content=\"Cachoubie | Eurominority.eu\" \/>\n<meta property=\"og:description\" content=\"Cachoubie, les Slaves de la Baltique Descendants directs des tribus slaves de Pom\u00e9ranie (signifiant pays le long de la mer, la Baltique en l\u2019occurrence), les Cachoubes expriment de nouveau leur identit\u00e9 dans une Pologne aujourd\u2019hui plus libre. Souvent assimil\u00e9s aux Polonais, ils se distinguent par leur langue. Kaszub \u00e9tait le nom du manteau qu\u2019ils portaient traditionnellement. Les Cachoubes ont v\u00e9cu entre diff\u00e9rents \u00c9tats, tant\u00f4t Allemands, tant\u00f4t Polonais, ils ont surv\u00e9cu au r\u00e9gime communiste qui a tent\u00e9 de les assimiler. Les familles cachoubes devaient parler leur langue en secret, mais ont su la conserver et la transmettre. Gda\u0144sk, la principale agglom\u00e9ration de Cachoubie, a \u00e9t\u00e9 longtemps plus connue sous le nom allemand de Dantzig. Aujourd\u2019hui, les Cachoubes aspirent surtout \u00e0 sauvegarder leur langue, mais des mouvements pour la cr\u00e9ation d\u2019un r\u00e9gion cachoube \u00e9mergent, m\u00eame si la Cachoubie n\u2019a jamais \u00e9t\u00e9 un \u00c9tat souverain. Malgr\u00e9 un faible nombre de locuteurs, la majorit\u00e9 de la population se consid\u00e8re cachoube. Ce sentiment est confort\u00e9 par l\u2019autoristion depuis 2005 d\u2019utiliser la langue en compl\u00e9ment du polonais. Aujourd\u2019hui enseign\u00e9 \u00e0 6 000 \u00e9l\u00e8ves, le cachoube est une mati\u00e8re optionnelle au baccalaur\u00e9at depuis cette date. De nombreuses associations de promotion de la culture cachoube se structurent depuis ... +Cachoubie\" \/>\n<meta property=\"og:url\" content=\"https:\/\/www.eurominority.eu\/index.php\/cachoubie\/\" \/>\n<meta property=\"og:site_name\" content=\"Eurominority.eu\" \/>\n<meta property=\"article:modified_time\" content=\"2020-05-15T20:07:25+00:00\" \/>\n<meta property=\"og:image\" content=\"https:\/\/www.eurominority.eu\/wp-content\/uploads\/2020\/05\/flag_cashubia.png\" \/>\n<meta name=\"twitter:card\" content=\"summary_large_image\" \/>\n<meta name=\"twitter:label1\" content=\"Dur\u00e9e de lecture estim\u00e9e\" \/>\n\t<meta name=\"twitter:data1\" content=\"4 minutes\" \/>\n<script type=\"application\/ld+json\" class=\"yoast-schema-graph\">{\"@context\":\"https:\/\/schema.org\",\"@graph\":[{\"@type\":\"WebPage\",\"@id\":\"https:\/\/www.eurominority.eu\/index.php\/cachoubie\/\",\"url\":\"https:\/\/www.eurominority.eu\/index.php\/cachoubie\/\",\"name\":\"Cachoubie | Eurominority.eu\",\"isPartOf\":{\"@id\":\"https:\/\/www.eurominority.eu\/#website\"},\"primaryImageOfPage\":{\"@id\":\"https:\/\/www.eurominority.eu\/index.php\/cachoubie\/#primaryimage\"},\"image\":{\"@id\":\"https:\/\/www.eurominority.eu\/index.php\/cachoubie\/#primaryimage\"},\"thumbnailUrl\":\"https:\/\/www.eurominority.eu\/wp-content\/uploads\/2020\/05\/flag_cashubia.png\",\"datePublished\":\"2020-05-01T19:39:59+00:00\",\"dateModified\":\"2020-05-15T20:07:25+00:00\",\"breadcrumb\":{\"@id\":\"https:\/\/www.eurominority.eu\/index.php\/cachoubie\/#breadcrumb\"},\"inLanguage\":\"fr-FR\",\"potentialAction\":[{\"@type\":\"ReadAction\",\"target\":[\"https:\/\/www.eurominority.eu\/index.php\/cachoubie\/\"]}]},{\"@type\":\"ImageObject\",\"inLanguage\":\"fr-FR\",\"@id\":\"https:\/\/www.eurominority.eu\/index.php\/cachoubie\/#primaryimage\",\"url\":\"https:\/\/www.eurominority.eu\/wp-content\/uploads\/2020\/05\/flag_cashubia.png\",\"contentUrl\":\"https:\/\/www.eurominority.eu\/wp-content\/uploads\/2020\/05\/flag_cashubia.png\",\"width\":600,\"height\":397},{\"@type\":\"BreadcrumbList\",\"@id\":\"https:\/\/www.eurominority.eu\/index.php\/cachoubie\/#breadcrumb\",\"itemListElement\":[{\"@type\":\"ListItem\",\"position\":1,\"name\":\"Accueil\",\"item\":\"https:\/\/www.eurominority.eu\/\"},{\"@type\":\"ListItem\",\"position\":2,\"name\":\"Cachoubie\"}]},{\"@type\":\"WebSite\",\"@id\":\"https:\/\/www.eurominority.eu\/#website\",\"url\":\"https:\/\/www.eurominority.eu\/\",\"name\":\"Eurominority.eu\",\"description\":\"We are the peoples of the world\",\"publisher\":{\"@id\":\"https:\/\/www.eurominority.eu\/#\/schema\/person\/79505440550055e97873102f1e7ab47f\"},\"potentialAction\":[{\"@type\":\"SearchAction\",\"target\":{\"@type\":\"EntryPoint\",\"urlTemplate\":\"https:\/\/www.eurominority.eu\/?s={search_term_string}\"},\"query-input\":{\"@type\":\"PropertyValueSpecification\",\"valueRequired\":true,\"valueName\":\"search_term_string\"}}],\"inLanguage\":\"fr-FR\"},{\"@type\":[\"Person\",\"Organization\"],\"@id\":\"https:\/\/www.eurominority.eu\/#\/schema\/person\/79505440550055e97873102f1e7ab47f\",\"name\":\"Multinatio\",\"image\":{\"@type\":\"ImageObject\",\"inLanguage\":\"fr-FR\",\"@id\":\"https:\/\/www.eurominority.eu\/#\/schema\/person\/image\/\",\"url\":\"https:\/\/www.eurominority.eu\/wp-content\/uploads\/2023\/03\/cropped-Logo-Eurominority.png\",\"contentUrl\":\"https:\/\/www.eurominority.eu\/wp-content\/uploads\/2023\/03\/cropped-Logo-Eurominority.png\",\"width\":1500,\"height\":462,\"caption\":\"Multinatio\"},\"logo\":{\"@id\":\"https:\/\/www.eurominority.eu\/#\/schema\/person\/image\/\"}}]}<\/script>\n<!-- \/ Yoast SEO plugin. -->","yoast_head_json":{"title":"Cachoubie | Eurominority.eu","robots":{"index":"index","follow":"follow","max-snippet":"max-snippet:-1","max-image-preview":"max-image-preview:large","max-video-preview":"max-video-preview:-1"},"canonical":"https:\/\/www.eurominority.eu\/index.php\/cachoubie\/","og_locale":"fr_FR","og_type":"article","og_title":"Cachoubie | Eurominority.eu","og_description":"Cachoubie, les Slaves de la Baltique Descendants directs des tribus slaves de Pom\u00e9ranie (signifiant pays le long de la mer, la Baltique en l\u2019occurrence), les Cachoubes expriment de nouveau leur identit\u00e9 dans une Pologne aujourd\u2019hui plus libre. Souvent assimil\u00e9s aux Polonais, ils se distinguent par leur langue. Kaszub \u00e9tait le nom du manteau qu\u2019ils portaient traditionnellement. Les Cachoubes ont v\u00e9cu entre diff\u00e9rents \u00c9tats, tant\u00f4t Allemands, tant\u00f4t Polonais, ils ont surv\u00e9cu au r\u00e9gime communiste qui a tent\u00e9 de les assimiler. Les familles cachoubes devaient parler leur langue en secret, mais ont su la conserver et la transmettre. Gda\u0144sk, la principale agglom\u00e9ration de Cachoubie, a \u00e9t\u00e9 longtemps plus connue sous le nom allemand de Dantzig. Aujourd\u2019hui, les Cachoubes aspirent surtout \u00e0 sauvegarder leur langue, mais des mouvements pour la cr\u00e9ation d\u2019un r\u00e9gion cachoube \u00e9mergent, m\u00eame si la Cachoubie n\u2019a jamais \u00e9t\u00e9 un \u00c9tat souverain. Malgr\u00e9 un faible nombre de locuteurs, la majorit\u00e9 de la population se consid\u00e8re cachoube. Ce sentiment est confort\u00e9 par l\u2019autoristion depuis 2005 d\u2019utiliser la langue en compl\u00e9ment du polonais. Aujourd\u2019hui enseign\u00e9 \u00e0 6 000 \u00e9l\u00e8ves, le cachoube est une mati\u00e8re optionnelle au baccalaur\u00e9at depuis cette date. De nombreuses associations de promotion de la culture cachoube se structurent depuis ... +Cachoubie","og_url":"https:\/\/www.eurominority.eu\/index.php\/cachoubie\/","og_site_name":"Eurominority.eu","article_modified_time":"2020-05-15T20:07:25+00:00","og_image":[{"url":"https:\/\/www.eurominority.eu\/wp-content\/uploads\/2020\/05\/flag_cashubia.png","type":"","width":"","height":""}],"twitter_card":"summary_large_image","twitter_misc":{"Dur\u00e9e de lecture estim\u00e9e":"4 minutes"},"schema":{"@context":"https:\/\/schema.org","@graph":[{"@type":"WebPage","@id":"https:\/\/www.eurominority.eu\/index.php\/cachoubie\/","url":"https:\/\/www.eurominority.eu\/index.php\/cachoubie\/","name":"Cachoubie | Eurominority.eu","isPartOf":{"@id":"https:\/\/www.eurominority.eu\/#website"},"primaryImageOfPage":{"@id":"https:\/\/www.eurominority.eu\/index.php\/cachoubie\/#primaryimage"},"image":{"@id":"https:\/\/www.eurominority.eu\/index.php\/cachoubie\/#primaryimage"},"thumbnailUrl":"https:\/\/www.eurominority.eu\/wp-content\/uploads\/2020\/05\/flag_cashubia.png","datePublished":"2020-05-01T19:39:59+00:00","dateModified":"2020-05-15T20:07:25+00:00","breadcrumb":{"@id":"https:\/\/www.eurominority.eu\/index.php\/cachoubie\/#breadcrumb"},"inLanguage":"fr-FR","potentialAction":[{"@type":"ReadAction","target":["https:\/\/www.eurominority.eu\/index.php\/cachoubie\/"]}]},{"@type":"ImageObject","inLanguage":"fr-FR","@id":"https:\/\/www.eurominority.eu\/index.php\/cachoubie\/#primaryimage","url":"https:\/\/www.eurominority.eu\/wp-content\/uploads\/2020\/05\/flag_cashubia.png","contentUrl":"https:\/\/www.eurominority.eu\/wp-content\/uploads\/2020\/05\/flag_cashubia.png","width":600,"height":397},{"@type":"BreadcrumbList","@id":"https:\/\/www.eurominority.eu\/index.php\/cachoubie\/#breadcrumb","itemListElement":[{"@type":"ListItem","position":1,"name":"Accueil","item":"https:\/\/www.eurominority.eu\/"},{"@type":"ListItem","position":2,"name":"Cachoubie"}]},{"@type":"WebSite","@id":"https:\/\/www.eurominority.eu\/#website","url":"https:\/\/www.eurominority.eu\/","name":"Eurominority.eu","description":"We are the peoples of the world","publisher":{"@id":"https:\/\/www.eurominority.eu\/#\/schema\/person\/79505440550055e97873102f1e7ab47f"},"potentialAction":[{"@type":"SearchAction","target":{"@type":"EntryPoint","urlTemplate":"https:\/\/www.eurominority.eu\/?s={search_term_string}"},"query-input":{"@type":"PropertyValueSpecification","valueRequired":true,"valueName":"search_term_string"}}],"inLanguage":"fr-FR"},{"@type":["Person","Organization"],"@id":"https:\/\/www.eurominority.eu\/#\/schema\/person\/79505440550055e97873102f1e7ab47f","name":"Multinatio","image":{"@type":"ImageObject","inLanguage":"fr-FR","@id":"https:\/\/www.eurominority.eu\/#\/schema\/person\/image\/","url":"https:\/\/www.eurominority.eu\/wp-content\/uploads\/2023\/03\/cropped-Logo-Eurominority.png","contentUrl":"https:\/\/www.eurominority.eu\/wp-content\/uploads\/2023\/03\/cropped-Logo-Eurominority.png","width":1500,"height":462,"caption":"Multinatio"},"logo":{"@id":"https:\/\/www.eurominority.eu\/#\/schema\/person\/image\/"}}]}},"_links":{"self":[{"href":"https:\/\/www.eurominority.eu\/index.php\/wp-json\/wp\/v2\/pages\/436"}],"collection":[{"href":"https:\/\/www.eurominority.eu\/index.php\/wp-json\/wp\/v2\/pages"}],"about":[{"href":"https:\/\/www.eurominority.eu\/index.php\/wp-json\/wp\/v2\/types\/page"}],"author":[{"embeddable":true,"href":"https:\/\/www.eurominority.eu\/index.php\/wp-json\/wp\/v2\/users\/1"}],"replies":[{"embeddable":true,"href":"https:\/\/www.eurominority.eu\/index.php\/wp-json\/wp\/v2\/comments?post=436"}],"version-history":[{"count":17,"href":"https:\/\/www.eurominority.eu\/index.php\/wp-json\/wp\/v2\/pages\/436\/revisions"}],"predecessor-version":[{"id":2226,"href":"https:\/\/www.eurominority.eu\/index.php\/wp-json\/wp\/v2\/pages\/436\/revisions\/2226"}],"wp:attachment":[{"href":"https:\/\/www.eurominority.eu\/index.php\/wp-json\/wp\/v2\/media?parent=436"}],"curies":[{"name":"wp","href":"https:\/\/api.w.org\/{rel}","templated":true}]}}