{"id":479,"date":"2020-05-02T00:09:38","date_gmt":"2020-05-01T22:09:38","guid":{"rendered":"https:\/\/www.eurominority.eu\/?page_id=479"},"modified":"2020-05-15T22:07:27","modified_gmt":"2020-05-15T20:07:27","slug":"kashubia","status":"publish","type":"page","link":"https:\/\/www.eurominority.eu\/index.php\/en\/kashubia\/","title":{"rendered":"Kashubia"},"content":{"rendered":"<h2 class=\"wp-block-heading\">Kashubia, the Slavs of the Baltics<\/h2><div class=\"wp-block-image\"><figure class=\"aligncenter\"><img loading=\"lazy\" decoding=\"async\" width=\"100\" height=\"100\" src=\"https:\/\/www.eurominority.eu\/wp-content\/uploads\/2020\/05\/Logo-Multinatio_gris-clair.jpg\" alt=\"\" class=\"wp-image-1624\"\/><\/figure><\/div><p class=\"has-medium-font-size\">Direct descendants of Slavic tribes of Pomerania (meaning countries along the sea, in this case the Baltic), the Kashubians are able to reiterate their identity in a more open Poland. Often assimilated into the Poles, they are distinguished by their language. <em>Kaszub<\/em> is the name of the coat, which they traditionally wore. <\/p><div class=\"wp-block-image\"><figure class=\"alignright is-resized\"><img loading=\"lazy\" decoding=\"async\" src=\"https:\/\/www.eurominority.eu\/wp-content\/uploads\/2020\/05\/flag_cashubia.png\" alt=\"\" class=\"wp-image-289\" width=\"300\" height=\"199\" srcset=\"https:\/\/www.eurominority.eu\/wp-content\/uploads\/2020\/05\/flag_cashubia.png 600w, https:\/\/www.eurominority.eu\/wp-content\/uploads\/2020\/05\/flag_cashubia-300x199.png 300w\" sizes=\"(max-width: 300px) 100vw, 300px\" \/><figcaption> The Kashubian flag represents the colours of their coat of arms which  features a black griffin on a yellow background. These two colours are  found on the official coats of arms of most towns and suburbs in  Kashubia. Today this flag is used by Kashubian regionalists. <\/figcaption><\/figure><\/div><p>Living between\ndifferent states, sometimes German, sometimes Polish, the Kashubians survived\nunder the Communist regime that tried to assimilate them. The Kashubian\nfamilies had to speak their language in secret but managed to preserve it and\npass it on. For a long time Gda\u0144sk, the main city of Kashubia, was better known\nunder the German name Dantzig.<\/p><p>Today, the\nKashubians aspire above all to safeguard their language, but movements for the\ncreation of a Kashubian region are emerging, even if Kashubia has never been a\nsovereign state. Despite a low number of native speakers, the majority of the\npopulation consider themselves Kashubian. Permission to use the language in\nconjunction with Polish since 2005 has reinforced this sentiment.<\/p><p>Nowadays\ntaught to 6,000 students, Kashubian is an optional subject for the\nschool-leaving exam since this date.<\/p><p>Many associations\nfor the promotion of Kashubian culture have been formed over the past few\nyears. The principal organisation is the Kashubian-Pomeranian Association. <em>Odroda<\/em>,\nanother association, fights for the rebirth of Kashubian culture.<\/p><div class=\"wp-block-image\"><figure class=\"aligncenter\"><img loading=\"lazy\" decoding=\"async\" width=\"261\" height=\"71\" src=\"https:\/\/www.eurominority.eu\/wp-content\/uploads\/2020\/05\/Logo-Multinatio_gris-clair-x3.jpg\" alt=\"\" class=\"wp-image-1637\"\/><\/figure><\/div><h3 class=\"wp-block-heading\">Identity card<\/h3><figure class=\"wp-block-image\"><img loading=\"lazy\" decoding=\"async\" width=\"963\" height=\"26\" src=\"https:\/\/www.eurominority.eu\/wp-content\/uploads\/2020\/05\/Logo-Multinatio_bandesgrises.jpg\" alt=\"\" class=\"wp-image-1644\" srcset=\"https:\/\/www.eurominority.eu\/wp-content\/uploads\/2020\/05\/Logo-Multinatio_bandesgrises.jpg 963w, https:\/\/www.eurominority.eu\/wp-content\/uploads\/2020\/05\/Logo-Multinatio_bandesgrises-600x16.jpg 600w, https:\/\/www.eurominority.eu\/wp-content\/uploads\/2020\/05\/Logo-Multinatio_bandesgrises-300x8.jpg 300w, https:\/\/www.eurominority.eu\/wp-content\/uploads\/2020\/05\/Logo-Multinatio_bandesgrises-768x21.jpg 768w\" sizes=\"(max-width: 963px) 100vw, 963px\" \/><\/figure><figure class=\"wp-block-table is-style-stripes\"><table><tbody><tr><td> <em>Name <\/em>  <\/td><td><strong>Kasz\u00ebb\u00eb  <\/strong>|  <em>Kashubian <\/em> <br> <strong><em>Kaszuby  <\/em><\/strong>|  <em>Polish&nbsp;<\/em> <br>(Kashubia)<\/td><\/tr><tr><td><em>Population  <\/em><\/td><td><strong>2,515,000 inhab.<\/strong> (2006) (including 570,000 Kashubians)<\/td><\/tr><tr><td> <em>Area<\/em>   <\/td><td><strong>6,870 km\u00b2<\/strong> <\/td><\/tr><tr><td> <em>Languages<\/em> <\/td><td><strong>Kasz\u00ebbsczi  <\/strong>|  <em>Kashubian <\/em>(without official status) <br><strong><em>Polski  <\/em><\/strong>| <em>Polish&nbsp;<\/em>(official)<\/td><\/tr><tr><td> <em>Number of native speakers<\/em>  <\/td><td><strong>108,000<\/strong>  |  <em>Kashubian <\/em> (2011)<\/td><\/tr><tr><td> <em>State of guardianship<\/em>  <\/td><td><strong>Poland<\/strong><\/td><\/tr><tr><td> <em>Official status<\/em> <\/td><td><strong>None<\/strong><\/td><\/tr><tr><td><em>Capital<\/em><\/td><td><strong>Kartuz\u00eb  <\/strong>|  <em>Kashubian <\/em> <br><strong><em>Kartuzy  <\/em><\/strong>|  <em>Polish<\/em><\/td><\/tr><tr><td> <em>Historic religion<\/em> <\/td><td><strong> <\/strong> <strong>Roman Catholic<\/strong>  <\/td><\/tr><tr><td> <em>Flag<\/em> <\/td><td><strong>Fana Kasz\u00ebbsczi<\/strong>  |  <em>Kashubian <\/em>  <br> (Kashubian Flag) <\/td><\/tr><tr><td> <em>Anthem<\/em> <\/td><td>  None  <\/td><\/tr><tr><td> <em>Motto<\/em>  <\/td><td> None  <\/td><\/tr><\/tbody><\/table><\/figure><div class=\"wp-block-image\"><figure class=\"aligncenter\"><img loading=\"lazy\" decoding=\"async\" width=\"261\" height=\"71\" src=\"https:\/\/www.eurominority.eu\/wp-content\/uploads\/2020\/05\/Logo-Multinatio_gris-clair-x3.jpg\" alt=\"\" class=\"wp-image-1637\"\/><\/figure><\/div><h3 class=\"wp-block-heading\"> Timeline <\/h3><figure class=\"wp-block-image\"><img loading=\"lazy\" decoding=\"async\" width=\"963\" height=\"26\" src=\"https:\/\/www.eurominority.eu\/wp-content\/uploads\/2020\/05\/Logo-Multinatio_bandesgrises.jpg\" alt=\"\" class=\"wp-image-1644\" srcset=\"https:\/\/www.eurominority.eu\/wp-content\/uploads\/2020\/05\/Logo-Multinatio_bandesgrises.jpg 963w, https:\/\/www.eurominority.eu\/wp-content\/uploads\/2020\/05\/Logo-Multinatio_bandesgrises-600x16.jpg 600w, https:\/\/www.eurominority.eu\/wp-content\/uploads\/2020\/05\/Logo-Multinatio_bandesgrises-300x8.jpg 300w, https:\/\/www.eurominority.eu\/wp-content\/uploads\/2020\/05\/Logo-Multinatio_bandesgrises-768x21.jpg 768w\" sizes=\"(max-width: 963px) 100vw, 963px\" \/><\/figure><ul class=\"wp-block-list\"><li><strong>13th century \u2022 <\/strong>First mention of the Kashubians on the seal of Barnim.<\/li><li><strong>13th century \u2022 <\/strong>The duke of Pomerania is named the duke of Kashubia.<\/li><li><strong>1648 \u2022 <\/strong>The kings of Sweden are \u201cdukes of Kashubia\u201d.<\/li><li><strong>1843 \u2022 <\/strong>The Prussians take control of Kashubia. The Kashubians emigrate en masse to North America.<\/li><li><strong>1919 \u2022 <\/strong>Preferring to be Polish rather than German, the Kashubian activist Antonie Abraham declares \u201cThere is no Kashubia without Poland and no Poland without Kashubia.\u201d<\/li><li><strong>1939\u20131945 \u2022 <\/strong>Summary executions of Kashubians by the Nazis.<\/li><li><strong>1945 \u2022 <\/strong>The Kashubian, germanised by force between the 14th and 19th centuries, are expelled from Poland during liberation.<\/li><li><strong>1990 \u2022 <\/strong>Movements in favour of the Kashubian language are reborn after the fall of the Communist regime in Poland.<\/li><\/ul><div class=\"wp-block-image\"><figure class=\"aligncenter\"><img loading=\"lazy\" decoding=\"async\" width=\"261\" height=\"71\" src=\"https:\/\/www.eurominority.eu\/wp-content\/uploads\/2020\/05\/Logo-Multinatio_gris-clair-x3.jpg\" alt=\"\" class=\"wp-image-1637\"\/><\/figure><\/div><h3 class=\"wp-block-heading\">Brief history <\/h3><figure class=\"wp-block-image\"><img loading=\"lazy\" decoding=\"async\" width=\"963\" height=\"26\" src=\"https:\/\/www.eurominority.eu\/wp-content\/uploads\/2020\/05\/Logo-Multinatio_bandesgrises.jpg\" alt=\"\" class=\"wp-image-1644\" srcset=\"https:\/\/www.eurominority.eu\/wp-content\/uploads\/2020\/05\/Logo-Multinatio_bandesgrises.jpg 963w, https:\/\/www.eurominority.eu\/wp-content\/uploads\/2020\/05\/Logo-Multinatio_bandesgrises-600x16.jpg 600w, https:\/\/www.eurominority.eu\/wp-content\/uploads\/2020\/05\/Logo-Multinatio_bandesgrises-300x8.jpg 300w, https:\/\/www.eurominority.eu\/wp-content\/uploads\/2020\/05\/Logo-Multinatio_bandesgrises-768x21.jpg 768w\" sizes=\"(max-width: 963px) 100vw, 963px\" \/><\/figure><p>The Kashubian movement is basically structured with\nregards to the language. The first activist in favour of the language, Ceynowa\nFlorian, worked largely on linguistic standardisation, notably on orthography\nand grammar. This work dates from 1879. Initiating literary journals, e.g.\nZrz\u00ebsz Kasz\u00ebbsk\u00f4, these activists facilitated a distribution of the language up\nto the present day. Thus today, teaching has been able to expand and the number\nof students totals 6,000, which is unfortunately very few in relation to the\ntotal number of scholars. The Polish authorities, reluctant to install an\nofficial bilingualism, have nonetheless ratified the European Charter for\nRegional or Minority Languages. Bilingual signs were installed in the 2000s,\nbut the latter were quickly damaged by people opposed to all forms of\nmulticulturalism in Poland.<\/p><div class=\"wp-block-image\"><figure class=\"aligncenter\"><img loading=\"lazy\" decoding=\"async\" width=\"261\" height=\"71\" src=\"https:\/\/www.eurominority.eu\/wp-content\/uploads\/2020\/05\/Logo-Multinatio_gris-clair-x3.jpg\" alt=\"\" class=\"wp-image-1637\"\/><\/figure><\/div><h3 class=\"wp-block-heading\"> Geography <\/h3><figure class=\"wp-block-image\"><img loading=\"lazy\" decoding=\"async\" width=\"963\" height=\"26\" src=\"https:\/\/www.eurominority.eu\/wp-content\/uploads\/2020\/05\/Logo-Multinatio_bandesgrises.jpg\" alt=\"\" class=\"wp-image-1644\" srcset=\"https:\/\/www.eurominority.eu\/wp-content\/uploads\/2020\/05\/Logo-Multinatio_bandesgrises.jpg 963w, https:\/\/www.eurominority.eu\/wp-content\/uploads\/2020\/05\/Logo-Multinatio_bandesgrises-600x16.jpg 600w, https:\/\/www.eurominority.eu\/wp-content\/uploads\/2020\/05\/Logo-Multinatio_bandesgrises-300x8.jpg 300w, https:\/\/www.eurominority.eu\/wp-content\/uploads\/2020\/05\/Logo-Multinatio_bandesgrises-768x21.jpg 768w\" sizes=\"(max-width: 963px) 100vw, 963px\" \/><\/figure><p>Kashubia has never had a defined\nstatus. It is a Pomeranian territory, literally \u201calong the sea\u201d. Pomerania and\nKashubia have always been divided up among many regions or states (Poland,\nDenmark, Saxony, Brandenburg, Prussia, Sweden and Germany). Gdansk is certainly\nthe most emblematic city. Traditionally, Kashubian society revolved around\nfishing and agriculture, explained by its position near the Baltic Sea. The\ncity of Gdansk was rapidly turned over to industrial activities. The principal\nKashubian cities are Gdansk, Wejrowo, Karuze (considered the de facto capital),\nBetowo, Koscerzena and Chonice. Kashubia represents almost the whole of the new\nvoivoide (administrative division) of Pomerania. It brings together 9 of 15\ndistricts (powiat) in this region, sometimes only partially.<\/p><div class=\"wp-block-image\"><figure class=\"aligncenter\"><img loading=\"lazy\" decoding=\"async\" width=\"180\" height=\"73\" src=\"https:\/\/www.eurominority.eu\/wp-content\/uploads\/2020\/05\/Logo-Multinatio_mbleu-1.jpg\" alt=\"\" class=\"wp-image-1652\"\/><\/figure><\/div><div class=\"wp-block-image\"><figure class=\"aligncenter\"><img loading=\"lazy\" decoding=\"async\" width=\"585\" height=\"700\" src=\"https:\/\/www.eurominority.eu\/wp-content\/uploads\/2020\/05\/map_kashubs_eng.png\" alt=\"\" class=\"wp-image-370\" srcset=\"https:\/\/www.eurominority.eu\/wp-content\/uploads\/2020\/05\/map_kashubs_eng.png 585w, https:\/\/www.eurominority.eu\/wp-content\/uploads\/2020\/05\/map_kashubs_eng-251x300.png 251w\" sizes=\"(max-width: 585px) 100vw, 585px\" \/><\/figure><\/div><div class=\"wp-block-image\"><figure class=\"aligncenter\"><img loading=\"lazy\" decoding=\"async\" width=\"180\" height=\"73\" src=\"https:\/\/www.eurominority.eu\/wp-content\/uploads\/2020\/05\/Logo-Multinatio_mgris.jpg\" alt=\"\" class=\"wp-image-1653\"\/><\/figure><\/div>","protected":false},"excerpt":{"rendered":"<p>Kashubia, the Slavs of the Baltics Direct descendants of Slavic tribes of Pomerania (meaning countries along the sea, in this case the Baltic), the Kashubians are able to reiterate their identity in a more open Poland. Often assimilated into the Poles, they are distinguished by their language. Kaszub is the name of the coat, which they traditionally wore. Living between different states, sometimes German, sometimes Polish, the Kashubians survived under the Communist regime that tried to assimilate them. The Kashubian families had to speak their language in secret but managed to preserve it and pass it on. For a long time Gda\u0144sk, the main city of Kashubia, was better known under the German name Dantzig. Today, the Kashubians aspire above all to safeguard their language, but movements for the creation of a Kashubian region are emerging, even if Kashubia has never been a sovereign state. Despite a low number of native speakers, the majority of the population consider themselves Kashubian. Permission to use the language in conjunction with Polish since 2005 has reinforced this sentiment. Nowadays taught to 6,000 students, Kashubian is an optional subject for the school-leaving exam since this date. Many associations for the promotion of Kashubian culture &#8230; <\/p>\n<p class=\"read-more-container\"><a title=\"Kashubia\" class=\"read-more button\" href=\"https:\/\/www.eurominority.eu\/index.php\/en\/kashubia\/#more-479\">+<span class=\"screen-reader-text\">Kashubia<\/span><\/a><\/p>\n","protected":false},"author":1,"featured_media":0,"parent":0,"menu_order":0,"comment_status":"closed","ping_status":"closed","template":"","meta":{"om_disable_all_campaigns":false,"_monsterinsights_skip_tracking":false,"_monsterinsights_sitenote_active":false,"_monsterinsights_sitenote_note":"","_monsterinsights_sitenote_category":0,"_uf_show_specific_survey":0,"_uf_disable_surveys":false,"footnotes":""},"class_list":["post-479","page","type-page","status-publish"],"aioseo_notices":[],"yoast_head":"<!-- This site is optimized with the Yoast SEO plugin v25.6 - https:\/\/yoast.com\/wordpress\/plugins\/seo\/ -->\n<title>Kashubia | Eurominority.eu<\/title>\n<meta name=\"robots\" content=\"index, follow, max-snippet:-1, max-image-preview:large, max-video-preview:-1\" \/>\n<link rel=\"canonical\" href=\"https:\/\/www.eurominority.eu\/index.php\/en\/kashubia\/\" \/>\n<meta property=\"og:locale\" content=\"fr_FR\" \/>\n<meta property=\"og:type\" content=\"article\" \/>\n<meta property=\"og:title\" content=\"Kashubia | Eurominority.eu\" \/>\n<meta property=\"og:description\" content=\"Kashubia, the Slavs of the Baltics Direct descendants of Slavic tribes of Pomerania (meaning countries along the sea, in this case the Baltic), the Kashubians are able to reiterate their identity in a more open Poland. Often assimilated into the Poles, they are distinguished by their language. Kaszub is the name of the coat, which they traditionally wore. Living between different states, sometimes German, sometimes Polish, the Kashubians survived under the Communist regime that tried to assimilate them. The Kashubian families had to speak their language in secret but managed to preserve it and pass it on. For a long time Gda\u0144sk, the main city of Kashubia, was better known under the German name Dantzig. Today, the Kashubians aspire above all to safeguard their language, but movements for the creation of a Kashubian region are emerging, even if Kashubia has never been a sovereign state. Despite a low number of native speakers, the majority of the population consider themselves Kashubian. Permission to use the language in conjunction with Polish since 2005 has reinforced this sentiment. Nowadays taught to 6,000 students, Kashubian is an optional subject for the school-leaving exam since this date. Many associations for the promotion of Kashubian culture ... +Kashubia\" \/>\n<meta property=\"og:url\" content=\"https:\/\/www.eurominority.eu\/index.php\/en\/kashubia\/\" \/>\n<meta property=\"og:site_name\" content=\"Eurominority.eu\" \/>\n<meta property=\"article:modified_time\" content=\"2020-05-15T20:07:27+00:00\" \/>\n<meta property=\"og:image\" content=\"https:\/\/www.eurominority.eu\/wp-content\/uploads\/2020\/05\/Logo-Multinatio_gris-clair.jpg\" \/>\n<meta name=\"twitter:card\" content=\"summary_large_image\" \/>\n<meta name=\"twitter:label1\" content=\"Dur\u00e9e de lecture estim\u00e9e\" \/>\n\t<meta name=\"twitter:data1\" content=\"3 minutes\" \/>\n<script type=\"application\/ld+json\" class=\"yoast-schema-graph\">{\"@context\":\"https:\/\/schema.org\",\"@graph\":[{\"@type\":\"WebPage\",\"@id\":\"https:\/\/www.eurominority.eu\/index.php\/en\/kashubia\/\",\"url\":\"https:\/\/www.eurominority.eu\/index.php\/en\/kashubia\/\",\"name\":\"Kashubia | Eurominority.eu\",\"isPartOf\":{\"@id\":\"https:\/\/www.eurominority.eu\/#website\"},\"primaryImageOfPage\":{\"@id\":\"https:\/\/www.eurominority.eu\/index.php\/en\/kashubia\/#primaryimage\"},\"image\":{\"@id\":\"https:\/\/www.eurominority.eu\/index.php\/en\/kashubia\/#primaryimage\"},\"thumbnailUrl\":\"https:\/\/www.eurominority.eu\/wp-content\/uploads\/2020\/05\/Logo-Multinatio_gris-clair.jpg\",\"datePublished\":\"2020-05-01T22:09:38+00:00\",\"dateModified\":\"2020-05-15T20:07:27+00:00\",\"breadcrumb\":{\"@id\":\"https:\/\/www.eurominority.eu\/index.php\/en\/kashubia\/#breadcrumb\"},\"inLanguage\":\"fr-FR\",\"potentialAction\":[{\"@type\":\"ReadAction\",\"target\":[\"https:\/\/www.eurominority.eu\/index.php\/en\/kashubia\/\"]}]},{\"@type\":\"ImageObject\",\"inLanguage\":\"fr-FR\",\"@id\":\"https:\/\/www.eurominority.eu\/index.php\/en\/kashubia\/#primaryimage\",\"url\":\"https:\/\/www.eurominority.eu\/wp-content\/uploads\/2020\/05\/Logo-Multinatio_gris-clair.jpg\",\"contentUrl\":\"https:\/\/www.eurominority.eu\/wp-content\/uploads\/2020\/05\/Logo-Multinatio_gris-clair.jpg\",\"width\":100,\"height\":100},{\"@type\":\"BreadcrumbList\",\"@id\":\"https:\/\/www.eurominority.eu\/index.php\/en\/kashubia\/#breadcrumb\",\"itemListElement\":[{\"@type\":\"ListItem\",\"position\":1,\"name\":\"Accueil\",\"item\":\"https:\/\/www.eurominority.eu\/\"},{\"@type\":\"ListItem\",\"position\":2,\"name\":\"Kashubia\"}]},{\"@type\":\"WebSite\",\"@id\":\"https:\/\/www.eurominority.eu\/#website\",\"url\":\"https:\/\/www.eurominority.eu\/\",\"name\":\"Eurominority.eu\",\"description\":\"We are the peoples of the world\",\"publisher\":{\"@id\":\"https:\/\/www.eurominority.eu\/#\/schema\/person\/79505440550055e97873102f1e7ab47f\"},\"potentialAction\":[{\"@type\":\"SearchAction\",\"target\":{\"@type\":\"EntryPoint\",\"urlTemplate\":\"https:\/\/www.eurominority.eu\/?s={search_term_string}\"},\"query-input\":{\"@type\":\"PropertyValueSpecification\",\"valueRequired\":true,\"valueName\":\"search_term_string\"}}],\"inLanguage\":\"fr-FR\"},{\"@type\":[\"Person\",\"Organization\"],\"@id\":\"https:\/\/www.eurominority.eu\/#\/schema\/person\/79505440550055e97873102f1e7ab47f\",\"name\":\"Multinatio\",\"image\":{\"@type\":\"ImageObject\",\"inLanguage\":\"fr-FR\",\"@id\":\"https:\/\/www.eurominority.eu\/#\/schema\/person\/image\/\",\"url\":\"https:\/\/www.eurominority.eu\/wp-content\/uploads\/2023\/03\/cropped-Logo-Eurominority.png\",\"contentUrl\":\"https:\/\/www.eurominority.eu\/wp-content\/uploads\/2023\/03\/cropped-Logo-Eurominority.png\",\"width\":1500,\"height\":462,\"caption\":\"Multinatio\"},\"logo\":{\"@id\":\"https:\/\/www.eurominority.eu\/#\/schema\/person\/image\/\"}}]}<\/script>\n<!-- \/ Yoast SEO plugin. -->","yoast_head_json":{"title":"Kashubia | Eurominority.eu","robots":{"index":"index","follow":"follow","max-snippet":"max-snippet:-1","max-image-preview":"max-image-preview:large","max-video-preview":"max-video-preview:-1"},"canonical":"https:\/\/www.eurominority.eu\/index.php\/en\/kashubia\/","og_locale":"fr_FR","og_type":"article","og_title":"Kashubia | Eurominority.eu","og_description":"Kashubia, the Slavs of the Baltics Direct descendants of Slavic tribes of Pomerania (meaning countries along the sea, in this case the Baltic), the Kashubians are able to reiterate their identity in a more open Poland. Often assimilated into the Poles, they are distinguished by their language. Kaszub is the name of the coat, which they traditionally wore. Living between different states, sometimes German, sometimes Polish, the Kashubians survived under the Communist regime that tried to assimilate them. The Kashubian families had to speak their language in secret but managed to preserve it and pass it on. For a long time Gda\u0144sk, the main city of Kashubia, was better known under the German name Dantzig. Today, the Kashubians aspire above all to safeguard their language, but movements for the creation of a Kashubian region are emerging, even if Kashubia has never been a sovereign state. Despite a low number of native speakers, the majority of the population consider themselves Kashubian. Permission to use the language in conjunction with Polish since 2005 has reinforced this sentiment. Nowadays taught to 6,000 students, Kashubian is an optional subject for the school-leaving exam since this date. Many associations for the promotion of Kashubian culture ... +Kashubia","og_url":"https:\/\/www.eurominority.eu\/index.php\/en\/kashubia\/","og_site_name":"Eurominority.eu","article_modified_time":"2020-05-15T20:07:27+00:00","og_image":[{"url":"https:\/\/www.eurominority.eu\/wp-content\/uploads\/2020\/05\/Logo-Multinatio_gris-clair.jpg","type":"","width":"","height":""}],"twitter_card":"summary_large_image","twitter_misc":{"Dur\u00e9e de lecture estim\u00e9e":"3 minutes"},"schema":{"@context":"https:\/\/schema.org","@graph":[{"@type":"WebPage","@id":"https:\/\/www.eurominority.eu\/index.php\/en\/kashubia\/","url":"https:\/\/www.eurominority.eu\/index.php\/en\/kashubia\/","name":"Kashubia | Eurominority.eu","isPartOf":{"@id":"https:\/\/www.eurominority.eu\/#website"},"primaryImageOfPage":{"@id":"https:\/\/www.eurominority.eu\/index.php\/en\/kashubia\/#primaryimage"},"image":{"@id":"https:\/\/www.eurominority.eu\/index.php\/en\/kashubia\/#primaryimage"},"thumbnailUrl":"https:\/\/www.eurominority.eu\/wp-content\/uploads\/2020\/05\/Logo-Multinatio_gris-clair.jpg","datePublished":"2020-05-01T22:09:38+00:00","dateModified":"2020-05-15T20:07:27+00:00","breadcrumb":{"@id":"https:\/\/www.eurominority.eu\/index.php\/en\/kashubia\/#breadcrumb"},"inLanguage":"fr-FR","potentialAction":[{"@type":"ReadAction","target":["https:\/\/www.eurominority.eu\/index.php\/en\/kashubia\/"]}]},{"@type":"ImageObject","inLanguage":"fr-FR","@id":"https:\/\/www.eurominority.eu\/index.php\/en\/kashubia\/#primaryimage","url":"https:\/\/www.eurominority.eu\/wp-content\/uploads\/2020\/05\/Logo-Multinatio_gris-clair.jpg","contentUrl":"https:\/\/www.eurominority.eu\/wp-content\/uploads\/2020\/05\/Logo-Multinatio_gris-clair.jpg","width":100,"height":100},{"@type":"BreadcrumbList","@id":"https:\/\/www.eurominority.eu\/index.php\/en\/kashubia\/#breadcrumb","itemListElement":[{"@type":"ListItem","position":1,"name":"Accueil","item":"https:\/\/www.eurominority.eu\/"},{"@type":"ListItem","position":2,"name":"Kashubia"}]},{"@type":"WebSite","@id":"https:\/\/www.eurominority.eu\/#website","url":"https:\/\/www.eurominority.eu\/","name":"Eurominority.eu","description":"We are the peoples of the world","publisher":{"@id":"https:\/\/www.eurominority.eu\/#\/schema\/person\/79505440550055e97873102f1e7ab47f"},"potentialAction":[{"@type":"SearchAction","target":{"@type":"EntryPoint","urlTemplate":"https:\/\/www.eurominority.eu\/?s={search_term_string}"},"query-input":{"@type":"PropertyValueSpecification","valueRequired":true,"valueName":"search_term_string"}}],"inLanguage":"fr-FR"},{"@type":["Person","Organization"],"@id":"https:\/\/www.eurominority.eu\/#\/schema\/person\/79505440550055e97873102f1e7ab47f","name":"Multinatio","image":{"@type":"ImageObject","inLanguage":"fr-FR","@id":"https:\/\/www.eurominority.eu\/#\/schema\/person\/image\/","url":"https:\/\/www.eurominority.eu\/wp-content\/uploads\/2023\/03\/cropped-Logo-Eurominority.png","contentUrl":"https:\/\/www.eurominority.eu\/wp-content\/uploads\/2023\/03\/cropped-Logo-Eurominority.png","width":1500,"height":462,"caption":"Multinatio"},"logo":{"@id":"https:\/\/www.eurominority.eu\/#\/schema\/person\/image\/"}}]}},"_links":{"self":[{"href":"https:\/\/www.eurominority.eu\/index.php\/wp-json\/wp\/v2\/pages\/479"}],"collection":[{"href":"https:\/\/www.eurominority.eu\/index.php\/wp-json\/wp\/v2\/pages"}],"about":[{"href":"https:\/\/www.eurominority.eu\/index.php\/wp-json\/wp\/v2\/types\/page"}],"author":[{"embeddable":true,"href":"https:\/\/www.eurominority.eu\/index.php\/wp-json\/wp\/v2\/users\/1"}],"replies":[{"embeddable":true,"href":"https:\/\/www.eurominority.eu\/index.php\/wp-json\/wp\/v2\/comments?post=479"}],"version-history":[{"count":11,"href":"https:\/\/www.eurominority.eu\/index.php\/wp-json\/wp\/v2\/pages\/479\/revisions"}],"predecessor-version":[{"id":2227,"href":"https:\/\/www.eurominority.eu\/index.php\/wp-json\/wp\/v2\/pages\/479\/revisions\/2227"}],"wp:attachment":[{"href":"https:\/\/www.eurominority.eu\/index.php\/wp-json\/wp\/v2\/media?parent=479"}],"curies":[{"name":"wp","href":"https:\/\/api.w.org\/{rel}","templated":true}]}}