{"id":497,"date":"2020-05-02T00:12:43","date_gmt":"2020-05-01T22:12:43","guid":{"rendered":"https:\/\/www.eurominority.eu\/?page_id=497"},"modified":"2020-05-16T23:14:26","modified_gmt":"2020-05-16T21:14:26","slug":"gagauzia","status":"publish","type":"page","link":"https:\/\/www.eurominority.eu\/index.php\/en\/gagauzia\/","title":{"rendered":"Gagauzia"},"content":{"rendered":"<h2 class=\"wp-block-heading\">Gagauzia, the Christian Turks of Europe<\/h2><div class=\"wp-block-image\"><figure class=\"aligncenter\"><img loading=\"lazy\" decoding=\"async\" width=\"100\" height=\"100\" src=\"https:\/\/www.eurominority.eu\/wp-content\/uploads\/2020\/05\/Logo-Multinatio_gris-clair.jpg\" alt=\"\" class=\"wp-image-1624\"\/><\/figure><\/div><p class=\"has-medium-font-size\">Gagauzia is a Turkish region of Moldova and the Ukraine. It proclaimed itself the Republic of Gagauzia in 1991, following which the Gagauzians quickly obtained the rights to be a part of Moldova, allowing them to use their language in an autonomous region.<\/p><div class=\"wp-block-image\"><figure class=\"alignright is-resized\"><img loading=\"lazy\" decoding=\"async\" src=\"https:\/\/www.eurominority.eu\/wp-content\/uploads\/2020\/05\/flag_gagauzia.png\" alt=\"\" class=\"wp-image-299\" width=\"300\" height=\"150\" srcset=\"https:\/\/www.eurominority.eu\/wp-content\/uploads\/2020\/05\/flag_gagauzia.png 600w, https:\/\/www.eurominority.eu\/wp-content\/uploads\/2020\/05\/flag_gagauzia-300x150.png 300w\" sizes=\"(max-width: 300px) 100vw, 300px\" \/><figcaption> The Gagauz flag is blue upon which is placed the head of a red wolf. The  light blue is the traditional colour of the Turks and the Mongols. The  head of the wolf recalls the 11th century Cuman Empire, a  Turkish-speaking people who originated from the edge of the river Volga  and who emigrated to Europe, from whom the Gagauz are descended. <\/figcaption><\/figure><\/div><p>A Turkish\npeople of the Oghuz tribes, they distinguish themselves from Turks through\ntheir religion. Indeed, Christianised during their settling in Bessarabia\nduring the 19th century, the Gagauzians are Orthodox Christians and speak an\nAltaic language that is quite different from Turkish. The Gagauz are little\npublicised. Alternatively under Moldovan and Russian administration, they\nrevolted when the Soviet Empire collapsed in the 1990s. In 1991, an independent\nleader, Stepan Topal, was elected president of the \u201cGagauz Republic\u201d. After\nproclaiming its independence, at the same time as the Russians of Transnistria,\nMoldova was obliged to find a compromise with the Gagauz to retain its\nsovereignty, while granting a statute of autonomy to the region and making the\nGagauz language official. At the time the republic was created, all the towns\nwhich were populated with more than 50% of Gagauz were included in the\nterritory. Referenda were held in areas that were more disparately populated.<\/p><p>Today,\nrelations with the central authorities remain very tense. The results of\nelections are the subject of open conflicts between Moldovans and the Gagauz.\nDumitru Croitor, governor from 1999 to 2002, resigned, having been subject to\nmuch pressure. Despite their relative distance from Turkey, the Gagauz maintain\nlinks with their cousins of Asia Minor. The Turkish government created a\nTurkish cultural centre and a library in Gagauzia.<\/p><div class=\"wp-block-image\"><figure class=\"aligncenter\"><img loading=\"lazy\" decoding=\"async\" width=\"261\" height=\"71\" src=\"https:\/\/www.eurominority.eu\/wp-content\/uploads\/2020\/05\/Logo-Multinatio_gris-clair-x3.jpg\" alt=\"\" class=\"wp-image-1637\"\/><\/figure><\/div><h3 class=\"wp-block-heading\">Identity card<\/h3><figure class=\"wp-block-image\"><img loading=\"lazy\" decoding=\"async\" width=\"963\" height=\"26\" src=\"https:\/\/www.eurominority.eu\/wp-content\/uploads\/2020\/05\/Logo-Multinatio_bandesgrises.jpg\" alt=\"\" class=\"wp-image-1644\" srcset=\"https:\/\/www.eurominority.eu\/wp-content\/uploads\/2020\/05\/Logo-Multinatio_bandesgrises.jpg 963w, https:\/\/www.eurominority.eu\/wp-content\/uploads\/2020\/05\/Logo-Multinatio_bandesgrises-600x16.jpg 600w, https:\/\/www.eurominority.eu\/wp-content\/uploads\/2020\/05\/Logo-Multinatio_bandesgrises-300x8.jpg 300w, https:\/\/www.eurominority.eu\/wp-content\/uploads\/2020\/05\/Logo-Multinatio_bandesgrises-768x21.jpg 768w\" sizes=\"(max-width: 963px) 100vw, 963px\" \/><\/figure><figure class=\"wp-block-table is-style-stripes\"><table><tbody><tr><td><em>Name<\/em><\/td><td><strong>Gagauz-Yeri<\/strong>  |  <em>Gagauz <\/em> <br><strong><em>G\u0103g\u0103uzia <\/em><\/strong>|   <em>Romanian\/Moldovan<\/em>  <br><strong><em>\u0413\u0430\u0433\u0430\u0443\u0437\u0438\u044f\/Gagauziya<\/em><\/strong>  |  <em>Russian<\/em><br>(Gagauzia)<\/td><\/tr><tr><td><em>Population  <\/em><\/td><td><strong> 134,535 inhab.<\/strong> (2014) <\/td><\/tr><tr><td><em>Area<\/em><\/td><td><strong> 1,832 km<\/strong>\u00b2 <\/td><\/tr><tr><td><em>Languages<\/em><\/td><td><strong>Gagauz <\/strong>|  <em>Gagauz <\/em><br><strong><em>Rom\u00e2n\u0103  <\/em><\/strong>| <em>Romanian\/Moldovan <\/em><br><strong><em>\u0420\u0443\u0441\u0441\u043a\u0438\u0439\/Russkiy<\/em><\/strong>  | <em>Russian&nbsp;<\/em>(official)<\/td><\/tr><tr><td> <em>Number of native speakers<\/em>  <\/td><td> <strong>140,000<\/strong> |  <em>Gagauz <\/em> (2009)<\/td><\/tr><tr><td> <em>State of guardianship<\/em>  <\/td><td><strong> Moldova<\/strong><\/td><\/tr><tr><td> <em>Official status<\/em> <\/td><td>Autonomous region of Moldova <\/td><\/tr><tr><td><em>Capital<\/em><\/td><td><strong>Komrat  <\/strong>|   <em>Gagauz <\/em> <br><strong><em>Comrat  <\/em><\/strong>|   <em>Romanian\/Moldovan<\/em>  <br><strong><em>\u041a\u043e\u043c\u0440\u0430\u0442\/Komrat <\/em><\/strong> |   <em>Russian&nbsp;<\/em> <br>(Comrat)<\/td><\/tr><tr><td> <em>Historic religion<\/em> <\/td><td> <strong>Russian Orthodox Christian<\/strong> <\/td><\/tr><tr><td> <em>Flag<\/em> <\/td><td><strong>K\u00f6kbayrak<\/strong>  |   <em>Gagauz <\/em> <br> (Blue Flag) <\/td><\/tr><tr><td> <em>Anthem<\/em> <\/td><td><strong>Gagauziya Milli Mar\u015f\u0131<\/strong>  |   <em>Gagauz <\/em> <br> (Gagauzian National Anthem) <\/td><\/tr><tr><td> <em>Motto<\/em>  <\/td><td> None  <\/td><\/tr><\/tbody><\/table><\/figure><div class=\"wp-block-image\"><figure class=\"aligncenter\"><img loading=\"lazy\" decoding=\"async\" width=\"261\" height=\"71\" src=\"https:\/\/www.eurominority.eu\/wp-content\/uploads\/2020\/05\/Logo-Multinatio_gris-clair-x3.jpg\" alt=\"\" class=\"wp-image-1637\"\/><\/figure><\/div><h3 class=\"wp-block-heading\"> Timeline <\/h3><figure class=\"wp-block-image\"><img loading=\"lazy\" decoding=\"async\" width=\"963\" height=\"26\" src=\"https:\/\/www.eurominority.eu\/wp-content\/uploads\/2020\/05\/Logo-Multinatio_bandesgrises.jpg\" alt=\"\" class=\"wp-image-1644\" srcset=\"https:\/\/www.eurominority.eu\/wp-content\/uploads\/2020\/05\/Logo-Multinatio_bandesgrises.jpg 963w, https:\/\/www.eurominority.eu\/wp-content\/uploads\/2020\/05\/Logo-Multinatio_bandesgrises-600x16.jpg 600w, https:\/\/www.eurominority.eu\/wp-content\/uploads\/2020\/05\/Logo-Multinatio_bandesgrises-300x8.jpg 300w, https:\/\/www.eurominority.eu\/wp-content\/uploads\/2020\/05\/Logo-Multinatio_bandesgrises-768x21.jpg 768w\" sizes=\"(max-width: 963px) 100vw, 963px\" \/><\/figure><ul class=\"wp-block-list\"><li><strong>11th century \u2022 <\/strong>Migration of Oghuz people towards the Black Sea.<\/li><li><strong>19th century \u2022 <\/strong>Arrival of Gaguazians in Bessarabia.<\/li><li><strong>1856 \u2022 <\/strong>Moldovan administration, then Russian.<\/li><li><strong>1906 \u2022 <\/strong>Proclamation of the Republic of Comrat, which only lasts 15 days.<\/li><li><strong>1917 \u2022 <\/strong>The Gagauz deputies vote for Moldovan independence and their incorporation into Romania.<\/li><li><strong>1940 \u2022 <\/strong>Annexation of Moldova by the USSR. The Gagauz are under Soviet administration.<\/li><li><strong>1980 \u2022 <\/strong>Gagauz nationalist claims.<\/li><li><strong>1991 \u2022 <\/strong>Proclamation of independence of the Republic of Gagauzia.<\/li><li><strong>1994 \u2022 <\/strong>Creation of the autonomous region of Gagauzia and officialisation of the Gagauz language.<\/li><\/ul><div class=\"wp-block-image\"><figure class=\"aligncenter\"><img loading=\"lazy\" decoding=\"async\" width=\"261\" height=\"71\" src=\"https:\/\/www.eurominority.eu\/wp-content\/uploads\/2020\/05\/Logo-Multinatio_gris-clair-x3.jpg\" alt=\"\" class=\"wp-image-1637\"\/><\/figure><\/div><h3 class=\"wp-block-heading\">Brief history<\/h3><figure class=\"wp-block-image\"><img loading=\"lazy\" decoding=\"async\" width=\"963\" height=\"26\" src=\"https:\/\/www.eurominority.eu\/wp-content\/uploads\/2020\/05\/Logo-Multinatio_bandesgrises.jpg\" alt=\"\" class=\"wp-image-1644\" srcset=\"https:\/\/www.eurominority.eu\/wp-content\/uploads\/2020\/05\/Logo-Multinatio_bandesgrises.jpg 963w, https:\/\/www.eurominority.eu\/wp-content\/uploads\/2020\/05\/Logo-Multinatio_bandesgrises-600x16.jpg 600w, https:\/\/www.eurominority.eu\/wp-content\/uploads\/2020\/05\/Logo-Multinatio_bandesgrises-300x8.jpg 300w, https:\/\/www.eurominority.eu\/wp-content\/uploads\/2020\/05\/Logo-Multinatio_bandesgrises-768x21.jpg 768w\" sizes=\"(max-width: 963px) 100vw, 963px\" \/><\/figure><p>Even if the history of the Gagauz is rich, especially\nin regards to their migration until their settling at the start of the 19th\ncentury on the banks of the Black Sea, the most prominent event was the\nproclamation of independence in 1991. Inspired by their neighbours of\nTransnistria, the Gagauz proclaimed the Socialist Republic of Gagauzia,\nessentially to fight a policy of Romanisation forced by the Moldovan\nauthorities. Appointed executive president of the Supreme Soviet, the Gagauz\nStepan Topal, became prime minister of the new republic in 1991 for three\nyears. A conflict with the Moldovan authorities ensued who approved the peaceful\naspirations of the Gagauz Territorial Autonomy in 1994, recognising the\nterritorial unity of this people. The Gagauz now run their own education system\nand language policy.<\/p><div class=\"wp-block-image\"><figure class=\"aligncenter\"><img loading=\"lazy\" decoding=\"async\" width=\"261\" height=\"71\" src=\"https:\/\/www.eurominority.eu\/wp-content\/uploads\/2020\/05\/Logo-Multinatio_gris-clair-x3.jpg\" alt=\"\" class=\"wp-image-1637\"\/><\/figure><\/div><h3 class=\"wp-block-heading\">Geography<\/h3><figure class=\"wp-block-image\"><img loading=\"lazy\" decoding=\"async\" width=\"963\" height=\"26\" src=\"https:\/\/www.eurominority.eu\/wp-content\/uploads\/2020\/05\/Logo-Multinatio_bandesgrises.jpg\" alt=\"\" class=\"wp-image-1644\" srcset=\"https:\/\/www.eurominority.eu\/wp-content\/uploads\/2020\/05\/Logo-Multinatio_bandesgrises.jpg 963w, https:\/\/www.eurominority.eu\/wp-content\/uploads\/2020\/05\/Logo-Multinatio_bandesgrises-600x16.jpg 600w, https:\/\/www.eurominority.eu\/wp-content\/uploads\/2020\/05\/Logo-Multinatio_bandesgrises-300x8.jpg 300w, https:\/\/www.eurominority.eu\/wp-content\/uploads\/2020\/05\/Logo-Multinatio_bandesgrises-768x21.jpg 768w\" sizes=\"(max-width: 963px) 100vw, 963px\" \/><\/figure><p>With an area of 1,832&nbsp;km\u00b2,\nGagauzia is situated to the south of Moldova and the south-west of the Ukraine.\nComrat, the capital, is situated to the north, while the two enclaves of\nCopceac and Carbolia, more to the south, are separated by the Gagauz territory.\nThe country is made up of three regions administered by the towns of Comrat,\nCiad\u00eer Lunga and Vulc\u0103ne\u015fti as well as 29 villages. Estimated at 156,000\ninhabitants, the population of Gagauzia is essentially rural. Only 40% of them\nlive in the town. The Gagauz society is multicultural. 82.5% of the population\nis Gagauz, 5.2% Bulgarian, 4.6% Russian, 4.4% Moldovan, 3.3% Ukranian. These\nare the political consequences for the Slavic people of the former Soviet\nRepublics.<\/p><div class=\"wp-block-image\"><figure class=\"aligncenter\"><img loading=\"lazy\" decoding=\"async\" width=\"180\" height=\"73\" src=\"https:\/\/www.eurominority.eu\/wp-content\/uploads\/2020\/05\/Logo-Multinatio_mbleu-1.jpg\" alt=\"\" class=\"wp-image-1652\"\/><\/figure><\/div><div class=\"wp-block-image\"><figure class=\"aligncenter\"><a href=\"https:\/\/www.eurominority.eu\/wp-content\/uploads\/2020\/05\/map_gagauzia_eng.png\" target=\"_blank\" rel=\"noreferrer noopener\"><img loading=\"lazy\" decoding=\"async\" width=\"426\" height=\"700\" src=\"https:\/\/www.eurominority.eu\/wp-content\/uploads\/2020\/05\/map_gagauzia_eng.png\" alt=\"\" class=\"wp-image-360\" srcset=\"https:\/\/www.eurominority.eu\/wp-content\/uploads\/2020\/05\/map_gagauzia_eng.png 426w, https:\/\/www.eurominority.eu\/wp-content\/uploads\/2020\/05\/map_gagauzia_eng-183x300.png 183w\" sizes=\"(max-width: 426px) 100vw, 426px\" \/><\/a><\/figure><\/div><div class=\"wp-block-image\"><figure class=\"aligncenter\"><img loading=\"lazy\" decoding=\"async\" width=\"180\" height=\"73\" src=\"https:\/\/www.eurominority.eu\/wp-content\/uploads\/2020\/05\/Logo-Multinatio_mgris.jpg\" alt=\"\" class=\"wp-image-1653\"\/><\/figure><\/div>","protected":false},"excerpt":{"rendered":"<p>Gagauzia, the Christian Turks of Europe Gagauzia is a Turkish region of Moldova and the Ukraine. It proclaimed itself the Republic of Gagauzia in 1991, following which the Gagauzians quickly obtained the rights to be a part of Moldova, allowing them to use their language in an autonomous region. A Turkish people of the Oghuz tribes, they distinguish themselves from Turks through their religion. Indeed, Christianised during their settling in Bessarabia during the 19th century, the Gagauzians are Orthodox Christians and speak an Altaic language that is quite different from Turkish. The Gagauz are little publicised. Alternatively under Moldovan and Russian administration, they revolted when the Soviet Empire collapsed in the 1990s. In 1991, an independent leader, Stepan Topal, was elected president of the \u201cGagauz Republic\u201d. After proclaiming its independence, at the same time as the Russians of Transnistria, Moldova was obliged to find a compromise with the Gagauz to retain its sovereignty, while granting a statute of autonomy to the region and making the Gagauz language official. At the time the republic was created, all the towns which were populated with more than 50% of Gagauz were included in the territory. Referenda were held in areas that were more &#8230; <\/p>\n<p class=\"read-more-container\"><a title=\"Gagauzia\" class=\"read-more button\" href=\"https:\/\/www.eurominority.eu\/index.php\/en\/gagauzia\/#more-497\">+<span class=\"screen-reader-text\">Gagauzia<\/span><\/a><\/p>\n","protected":false},"author":1,"featured_media":0,"parent":0,"menu_order":0,"comment_status":"closed","ping_status":"closed","template":"","meta":{"om_disable_all_campaigns":false,"_monsterinsights_skip_tracking":false,"_monsterinsights_sitenote_active":false,"_monsterinsights_sitenote_note":"","_monsterinsights_sitenote_category":0,"_uf_show_specific_survey":0,"_uf_disable_surveys":false,"footnotes":""},"class_list":["post-497","page","type-page","status-publish"],"aioseo_notices":[],"yoast_head":"<!-- This site is optimized with the Yoast SEO plugin v25.6 - https:\/\/yoast.com\/wordpress\/plugins\/seo\/ -->\n<title>Gagauzia | Eurominority.eu<\/title>\n<meta name=\"robots\" content=\"index, follow, max-snippet:-1, max-image-preview:large, max-video-preview:-1\" \/>\n<link rel=\"canonical\" href=\"https:\/\/www.eurominority.eu\/index.php\/en\/gagauzia\/\" \/>\n<meta property=\"og:locale\" content=\"fr_FR\" \/>\n<meta property=\"og:type\" content=\"article\" \/>\n<meta property=\"og:title\" content=\"Gagauzia | Eurominority.eu\" \/>\n<meta property=\"og:description\" content=\"Gagauzia, the Christian Turks of Europe Gagauzia is a Turkish region of Moldova and the Ukraine. It proclaimed itself the Republic of Gagauzia in 1991, following which the Gagauzians quickly obtained the rights to be a part of Moldova, allowing them to use their language in an autonomous region. A Turkish people of the Oghuz tribes, they distinguish themselves from Turks through their religion. Indeed, Christianised during their settling in Bessarabia during the 19th century, the Gagauzians are Orthodox Christians and speak an Altaic language that is quite different from Turkish. The Gagauz are little publicised. Alternatively under Moldovan and Russian administration, they revolted when the Soviet Empire collapsed in the 1990s. In 1991, an independent leader, Stepan Topal, was elected president of the \u201cGagauz Republic\u201d. After proclaiming its independence, at the same time as the Russians of Transnistria, Moldova was obliged to find a compromise with the Gagauz to retain its sovereignty, while granting a statute of autonomy to the region and making the Gagauz language official. At the time the republic was created, all the towns which were populated with more than 50% of Gagauz were included in the territory. Referenda were held in areas that were more ... +Gagauzia\" \/>\n<meta property=\"og:url\" content=\"https:\/\/www.eurominority.eu\/index.php\/en\/gagauzia\/\" \/>\n<meta property=\"og:site_name\" content=\"Eurominority.eu\" \/>\n<meta property=\"article:modified_time\" content=\"2020-05-16T21:14:26+00:00\" \/>\n<meta property=\"og:image\" content=\"https:\/\/www.eurominority.eu\/wp-content\/uploads\/2020\/05\/flag_gagauzia.png\" \/>\n<meta name=\"twitter:card\" content=\"summary_large_image\" \/>\n<meta name=\"twitter:label1\" content=\"Dur\u00e9e de lecture estim\u00e9e\" \/>\n\t<meta name=\"twitter:data1\" content=\"4 minutes\" \/>\n<script type=\"application\/ld+json\" class=\"yoast-schema-graph\">{\"@context\":\"https:\/\/schema.org\",\"@graph\":[{\"@type\":\"WebPage\",\"@id\":\"https:\/\/www.eurominority.eu\/index.php\/en\/gagauzia\/\",\"url\":\"https:\/\/www.eurominority.eu\/index.php\/en\/gagauzia\/\",\"name\":\"Gagauzia | Eurominority.eu\",\"isPartOf\":{\"@id\":\"https:\/\/www.eurominority.eu\/#website\"},\"primaryImageOfPage\":{\"@id\":\"https:\/\/www.eurominority.eu\/index.php\/en\/gagauzia\/#primaryimage\"},\"image\":{\"@id\":\"https:\/\/www.eurominority.eu\/index.php\/en\/gagauzia\/#primaryimage\"},\"thumbnailUrl\":\"https:\/\/www.eurominority.eu\/wp-content\/uploads\/2020\/05\/flag_gagauzia.png\",\"datePublished\":\"2020-05-01T22:12:43+00:00\",\"dateModified\":\"2020-05-16T21:14:26+00:00\",\"breadcrumb\":{\"@id\":\"https:\/\/www.eurominority.eu\/index.php\/en\/gagauzia\/#breadcrumb\"},\"inLanguage\":\"fr-FR\",\"potentialAction\":[{\"@type\":\"ReadAction\",\"target\":[\"https:\/\/www.eurominority.eu\/index.php\/en\/gagauzia\/\"]}]},{\"@type\":\"ImageObject\",\"inLanguage\":\"fr-FR\",\"@id\":\"https:\/\/www.eurominority.eu\/index.php\/en\/gagauzia\/#primaryimage\",\"url\":\"https:\/\/www.eurominority.eu\/wp-content\/uploads\/2020\/05\/flag_gagauzia.png\",\"contentUrl\":\"https:\/\/www.eurominority.eu\/wp-content\/uploads\/2020\/05\/flag_gagauzia.png\",\"width\":600,\"height\":300},{\"@type\":\"BreadcrumbList\",\"@id\":\"https:\/\/www.eurominority.eu\/index.php\/en\/gagauzia\/#breadcrumb\",\"itemListElement\":[{\"@type\":\"ListItem\",\"position\":1,\"name\":\"Accueil\",\"item\":\"https:\/\/www.eurominority.eu\/\"},{\"@type\":\"ListItem\",\"position\":2,\"name\":\"Gagauzia\"}]},{\"@type\":\"WebSite\",\"@id\":\"https:\/\/www.eurominority.eu\/#website\",\"url\":\"https:\/\/www.eurominority.eu\/\",\"name\":\"Eurominority.eu\",\"description\":\"We are the peoples of the world\",\"publisher\":{\"@id\":\"https:\/\/www.eurominority.eu\/#\/schema\/person\/79505440550055e97873102f1e7ab47f\"},\"potentialAction\":[{\"@type\":\"SearchAction\",\"target\":{\"@type\":\"EntryPoint\",\"urlTemplate\":\"https:\/\/www.eurominority.eu\/?s={search_term_string}\"},\"query-input\":{\"@type\":\"PropertyValueSpecification\",\"valueRequired\":true,\"valueName\":\"search_term_string\"}}],\"inLanguage\":\"fr-FR\"},{\"@type\":[\"Person\",\"Organization\"],\"@id\":\"https:\/\/www.eurominority.eu\/#\/schema\/person\/79505440550055e97873102f1e7ab47f\",\"name\":\"Multinatio\",\"image\":{\"@type\":\"ImageObject\",\"inLanguage\":\"fr-FR\",\"@id\":\"https:\/\/www.eurominority.eu\/#\/schema\/person\/image\/\",\"url\":\"https:\/\/www.eurominority.eu\/wp-content\/uploads\/2023\/03\/cropped-Logo-Eurominority.png\",\"contentUrl\":\"https:\/\/www.eurominority.eu\/wp-content\/uploads\/2023\/03\/cropped-Logo-Eurominority.png\",\"width\":1500,\"height\":462,\"caption\":\"Multinatio\"},\"logo\":{\"@id\":\"https:\/\/www.eurominority.eu\/#\/schema\/person\/image\/\"}}]}<\/script>\n<!-- \/ Yoast SEO plugin. -->","yoast_head_json":{"title":"Gagauzia | Eurominority.eu","robots":{"index":"index","follow":"follow","max-snippet":"max-snippet:-1","max-image-preview":"max-image-preview:large","max-video-preview":"max-video-preview:-1"},"canonical":"https:\/\/www.eurominority.eu\/index.php\/en\/gagauzia\/","og_locale":"fr_FR","og_type":"article","og_title":"Gagauzia | Eurominority.eu","og_description":"Gagauzia, the Christian Turks of Europe Gagauzia is a Turkish region of Moldova and the Ukraine. It proclaimed itself the Republic of Gagauzia in 1991, following which the Gagauzians quickly obtained the rights to be a part of Moldova, allowing them to use their language in an autonomous region. A Turkish people of the Oghuz tribes, they distinguish themselves from Turks through their religion. Indeed, Christianised during their settling in Bessarabia during the 19th century, the Gagauzians are Orthodox Christians and speak an Altaic language that is quite different from Turkish. The Gagauz are little publicised. Alternatively under Moldovan and Russian administration, they revolted when the Soviet Empire collapsed in the 1990s. In 1991, an independent leader, Stepan Topal, was elected president of the \u201cGagauz Republic\u201d. After proclaiming its independence, at the same time as the Russians of Transnistria, Moldova was obliged to find a compromise with the Gagauz to retain its sovereignty, while granting a statute of autonomy to the region and making the Gagauz language official. At the time the republic was created, all the towns which were populated with more than 50% of Gagauz were included in the territory. Referenda were held in areas that were more ... +Gagauzia","og_url":"https:\/\/www.eurominority.eu\/index.php\/en\/gagauzia\/","og_site_name":"Eurominority.eu","article_modified_time":"2020-05-16T21:14:26+00:00","og_image":[{"url":"https:\/\/www.eurominority.eu\/wp-content\/uploads\/2020\/05\/flag_gagauzia.png","type":"","width":"","height":""}],"twitter_card":"summary_large_image","twitter_misc":{"Dur\u00e9e de lecture estim\u00e9e":"4 minutes"},"schema":{"@context":"https:\/\/schema.org","@graph":[{"@type":"WebPage","@id":"https:\/\/www.eurominority.eu\/index.php\/en\/gagauzia\/","url":"https:\/\/www.eurominority.eu\/index.php\/en\/gagauzia\/","name":"Gagauzia | Eurominority.eu","isPartOf":{"@id":"https:\/\/www.eurominority.eu\/#website"},"primaryImageOfPage":{"@id":"https:\/\/www.eurominority.eu\/index.php\/en\/gagauzia\/#primaryimage"},"image":{"@id":"https:\/\/www.eurominority.eu\/index.php\/en\/gagauzia\/#primaryimage"},"thumbnailUrl":"https:\/\/www.eurominority.eu\/wp-content\/uploads\/2020\/05\/flag_gagauzia.png","datePublished":"2020-05-01T22:12:43+00:00","dateModified":"2020-05-16T21:14:26+00:00","breadcrumb":{"@id":"https:\/\/www.eurominority.eu\/index.php\/en\/gagauzia\/#breadcrumb"},"inLanguage":"fr-FR","potentialAction":[{"@type":"ReadAction","target":["https:\/\/www.eurominority.eu\/index.php\/en\/gagauzia\/"]}]},{"@type":"ImageObject","inLanguage":"fr-FR","@id":"https:\/\/www.eurominority.eu\/index.php\/en\/gagauzia\/#primaryimage","url":"https:\/\/www.eurominority.eu\/wp-content\/uploads\/2020\/05\/flag_gagauzia.png","contentUrl":"https:\/\/www.eurominority.eu\/wp-content\/uploads\/2020\/05\/flag_gagauzia.png","width":600,"height":300},{"@type":"BreadcrumbList","@id":"https:\/\/www.eurominority.eu\/index.php\/en\/gagauzia\/#breadcrumb","itemListElement":[{"@type":"ListItem","position":1,"name":"Accueil","item":"https:\/\/www.eurominority.eu\/"},{"@type":"ListItem","position":2,"name":"Gagauzia"}]},{"@type":"WebSite","@id":"https:\/\/www.eurominority.eu\/#website","url":"https:\/\/www.eurominority.eu\/","name":"Eurominority.eu","description":"We are the peoples of the world","publisher":{"@id":"https:\/\/www.eurominority.eu\/#\/schema\/person\/79505440550055e97873102f1e7ab47f"},"potentialAction":[{"@type":"SearchAction","target":{"@type":"EntryPoint","urlTemplate":"https:\/\/www.eurominority.eu\/?s={search_term_string}"},"query-input":{"@type":"PropertyValueSpecification","valueRequired":true,"valueName":"search_term_string"}}],"inLanguage":"fr-FR"},{"@type":["Person","Organization"],"@id":"https:\/\/www.eurominority.eu\/#\/schema\/person\/79505440550055e97873102f1e7ab47f","name":"Multinatio","image":{"@type":"ImageObject","inLanguage":"fr-FR","@id":"https:\/\/www.eurominority.eu\/#\/schema\/person\/image\/","url":"https:\/\/www.eurominority.eu\/wp-content\/uploads\/2023\/03\/cropped-Logo-Eurominority.png","contentUrl":"https:\/\/www.eurominority.eu\/wp-content\/uploads\/2023\/03\/cropped-Logo-Eurominority.png","width":1500,"height":462,"caption":"Multinatio"},"logo":{"@id":"https:\/\/www.eurominority.eu\/#\/schema\/person\/image\/"}}]}},"_links":{"self":[{"href":"https:\/\/www.eurominority.eu\/index.php\/wp-json\/wp\/v2\/pages\/497"}],"collection":[{"href":"https:\/\/www.eurominority.eu\/index.php\/wp-json\/wp\/v2\/pages"}],"about":[{"href":"https:\/\/www.eurominority.eu\/index.php\/wp-json\/wp\/v2\/types\/page"}],"author":[{"embeddable":true,"href":"https:\/\/www.eurominority.eu\/index.php\/wp-json\/wp\/v2\/users\/1"}],"replies":[{"embeddable":true,"href":"https:\/\/www.eurominority.eu\/index.php\/wp-json\/wp\/v2\/comments?post=497"}],"version-history":[{"count":22,"href":"https:\/\/www.eurominority.eu\/index.php\/wp-json\/wp\/v2\/pages\/497\/revisions"}],"predecessor-version":[{"id":2268,"href":"https:\/\/www.eurominority.eu\/index.php\/wp-json\/wp\/v2\/pages\/497\/revisions\/2268"}],"wp:attachment":[{"href":"https:\/\/www.eurominority.eu\/index.php\/wp-json\/wp\/v2\/media?parent=497"}],"curies":[{"name":"wp","href":"https:\/\/api.w.org\/{rel}","templated":true}]}}