{"id":2440,"date":"2020-07-27T21:11:10","date_gmt":"2020-07-27T19:11:10","guid":{"rendered":"https:\/\/www.eurominority.eu\/index.php\/produit\/import-placeholder-for-3245\/"},"modified":"2020-07-27T21:11:13","modified_gmt":"2020-07-27T19:11:13","slug":"carte-des-pays-historiques-de-bretagne","status":"publish","type":"product","link":"https:\/\/www.eurominority.eu\/index.php\/produit\/carte-des-pays-historiques-de-bretagne\/","title":{"rendered":"Carte des pays historiques de Bretagne"},"content":{"rendered":"<p>Carte des pays historiques de Bretagne, pr\u00e9sentant les 9 provinces historiques et les pays culturels, ou micro-pays, L\u00e9on, Cornouaille, Tr\u00e9gor, Vannetais, Pays de Rennes, Nantes, Dol, Saint-Brieuc et Saint-Malo.<\/p>\n<p>Une cr\u00e9ation originale Geobreizh.bzh (Mikael Bodlore-Penlaez)<\/p>\n<p>Format recommand\u00e9 : 83,3 x 59,5 cm (19,01 \u20ac)<\/p>\n","protected":false},"excerpt":{"rendered":"<p>Carte des pays historiques de Bretagne, pr\u00e9sentant les 9 provinces historiques et les pays culturels, ou micro-pays, L\u00e9on, Cornouaille, Tr\u00e9gor, Vannetais, Pays de Rennes, Nantes, Dol, Saint-Brieuc et Saint-Malo. Une cr\u00e9ation originale Geobreizh.bzh (Mikael Bodlore-Penlaez) Format recommand\u00e9 : 83,3 x 59,5 cm (19,01 \u20ac)<\/p>\n","protected":false},"featured_media":2344,"comment_status":"open","ping_status":"closed","template":"","meta":{"om_disable_all_campaigns":false,"_monsterinsights_skip_tracking":false,"_monsterinsights_sitenote_active":false,"_monsterinsights_sitenote_note":"","_monsterinsights_sitenote_category":0,"_uf_show_specific_survey":0,"_uf_disable_surveys":false},"product_brand":[],"product_cat":[62,63],"product_tag":[],"class_list":{"0":"post-2440","1":"product","2":"type-product","3":"status-publish","4":"has-post-thumbnail","6":"product_cat-bretagne-brezhoneg","7":"product_cat-cartes-de-bretagne","9":"first","10":"instock","11":"shipping-taxable","12":"product-type-external"},"aioseo_notices":[],"yoast_head":"<!-- This site is optimized with the Yoast SEO plugin v25.6 - https:\/\/yoast.com\/wordpress\/plugins\/seo\/ -->\n<title>Carte des pays historiques de Bretagne | Eurominority.eu<\/title>\n<meta name=\"robots\" content=\"index, follow, max-snippet:-1, max-image-preview:large, max-video-preview:-1\" \/>\n<link rel=\"canonical\" href=\"https:\/\/www.eurominority.eu\/index.php\/produit\/carte-des-pays-historiques-de-bretagne\/\" \/>\n<meta property=\"og:locale\" content=\"fr_FR\" \/>\n<meta property=\"og:type\" content=\"article\" \/>\n<meta property=\"og:title\" content=\"Carte des pays historiques de Bretagne | Eurominority.eu\" \/>\n<meta property=\"og:description\" content=\"Carte des pays historiques de Bretagne, pr\u00e9sentant les 9 provinces historiques et les pays culturels, ou micro-pays, L\u00e9on, Cornouaille, Tr\u00e9gor, Vannetais, Pays de Rennes, Nantes, Dol, Saint-Brieuc et Saint-Malo. Une cr\u00e9ation originale Geobreizh.bzh (Mikael Bodlore-Penlaez) Format recommand\u00e9 : 83,3 x 59,5 cm (19,01 \u20ac)\" \/>\n<meta property=\"og:url\" content=\"https:\/\/www.eurominority.eu\/index.php\/produit\/carte-des-pays-historiques-de-bretagne\/\" \/>\n<meta property=\"og:site_name\" content=\"Eurominority.eu\" \/>\n<meta property=\"article:modified_time\" content=\"2020-07-27T19:11:13+00:00\" \/>\n<meta property=\"og:image\" content=\"https:\/\/www.eurominority.eu\/wp-content\/uploads\/2020\/06\/2020-04_Poster_Bretagne-pays-historiques_Multinatio-1024x731.jpg\" \/>\n\t<meta property=\"og:image:width\" content=\"1024\" \/>\n\t<meta property=\"og:image:height\" content=\"731\" \/>\n\t<meta property=\"og:image:type\" content=\"image\/jpeg\" \/>\n<meta name=\"twitter:card\" content=\"summary_large_image\" \/>\n<script type=\"application\/ld+json\" class=\"yoast-schema-graph\">{\"@context\":\"https:\/\/schema.org\",\"@graph\":[{\"@type\":\"WebPage\",\"@id\":\"https:\/\/www.eurominority.eu\/index.php\/produit\/carte-des-pays-historiques-de-bretagne\/\",\"url\":\"https:\/\/www.eurominority.eu\/index.php\/produit\/carte-des-pays-historiques-de-bretagne\/\",\"name\":\"Carte des pays historiques de Bretagne | Eurominority.eu\",\"isPartOf\":{\"@id\":\"https:\/\/www.eurominority.eu\/#website\"},\"primaryImageOfPage\":{\"@id\":\"https:\/\/www.eurominority.eu\/index.php\/produit\/carte-des-pays-historiques-de-bretagne\/#primaryimage\"},\"image\":{\"@id\":\"https:\/\/www.eurominority.eu\/index.php\/produit\/carte-des-pays-historiques-de-bretagne\/#primaryimage\"},\"thumbnailUrl\":\"https:\/\/www.eurominority.eu\/wp-content\/uploads\/2020\/06\/2020-04_Poster_Bretagne-pays-historiques_Multinatio.jpg\",\"datePublished\":\"2020-07-27T19:11:10+00:00\",\"dateModified\":\"2020-07-27T19:11:13+00:00\",\"breadcrumb\":{\"@id\":\"https:\/\/www.eurominority.eu\/index.php\/produit\/carte-des-pays-historiques-de-bretagne\/#breadcrumb\"},\"inLanguage\":\"fr-FR\",\"potentialAction\":[{\"@type\":\"ReadAction\",\"target\":[\"https:\/\/www.eurominority.eu\/index.php\/produit\/carte-des-pays-historiques-de-bretagne\/\"]}]},{\"@type\":\"ImageObject\",\"inLanguage\":\"fr-FR\",\"@id\":\"https:\/\/www.eurominority.eu\/index.php\/produit\/carte-des-pays-historiques-de-bretagne\/#primaryimage\",\"url\":\"https:\/\/www.eurominority.eu\/wp-content\/uploads\/2020\/06\/2020-04_Poster_Bretagne-pays-historiques_Multinatio.jpg\",\"contentUrl\":\"https:\/\/www.eurominority.eu\/wp-content\/uploads\/2020\/06\/2020-04_Poster_Bretagne-pays-historiques_Multinatio.jpg\",\"width\":2100,\"height\":1500},{\"@type\":\"BreadcrumbList\",\"@id\":\"https:\/\/www.eurominority.eu\/index.php\/produit\/carte-des-pays-historiques-de-bretagne\/#breadcrumb\",\"itemListElement\":[{\"@type\":\"ListItem\",\"position\":1,\"name\":\"Accueil\",\"item\":\"https:\/\/www.eurominority.eu\/\"},{\"@type\":\"ListItem\",\"position\":2,\"name\":\"Boutique\",\"item\":\"https:\/\/www.eurominority.eu\/index.php\/boutique\/\"},{\"@type\":\"ListItem\",\"position\":3,\"name\":\"Carte des pays historiques de Bretagne\"}]},{\"@type\":\"WebSite\",\"@id\":\"https:\/\/www.eurominority.eu\/#website\",\"url\":\"https:\/\/www.eurominority.eu\/\",\"name\":\"Eurominority.eu\",\"description\":\"We are the peoples of the world\",\"publisher\":{\"@id\":\"https:\/\/www.eurominority.eu\/#\/schema\/person\/79505440550055e97873102f1e7ab47f\"},\"potentialAction\":[{\"@type\":\"SearchAction\",\"target\":{\"@type\":\"EntryPoint\",\"urlTemplate\":\"https:\/\/www.eurominority.eu\/?s={search_term_string}\"},\"query-input\":{\"@type\":\"PropertyValueSpecification\",\"valueRequired\":true,\"valueName\":\"search_term_string\"}}],\"inLanguage\":\"fr-FR\"},{\"@type\":[\"Person\",\"Organization\"],\"@id\":\"https:\/\/www.eurominority.eu\/#\/schema\/person\/79505440550055e97873102f1e7ab47f\",\"name\":\"Multinatio\",\"image\":{\"@type\":\"ImageObject\",\"inLanguage\":\"fr-FR\",\"@id\":\"https:\/\/www.eurominority.eu\/#\/schema\/person\/image\/\",\"url\":\"https:\/\/www.eurominority.eu\/wp-content\/uploads\/2023\/03\/cropped-Logo-Eurominority.png\",\"contentUrl\":\"https:\/\/www.eurominority.eu\/wp-content\/uploads\/2023\/03\/cropped-Logo-Eurominority.png\",\"width\":1500,\"height\":462,\"caption\":\"Multinatio\"},\"logo\":{\"@id\":\"https:\/\/www.eurominority.eu\/#\/schema\/person\/image\/\"}}]}<\/script>\n<!-- \/ Yoast SEO plugin. -->","yoast_head_json":{"title":"Carte des pays historiques de Bretagne | Eurominority.eu","robots":{"index":"index","follow":"follow","max-snippet":"max-snippet:-1","max-image-preview":"max-image-preview:large","max-video-preview":"max-video-preview:-1"},"canonical":"https:\/\/www.eurominority.eu\/index.php\/produit\/carte-des-pays-historiques-de-bretagne\/","og_locale":"fr_FR","og_type":"article","og_title":"Carte des pays historiques de Bretagne | Eurominority.eu","og_description":"Carte des pays historiques de Bretagne, pr\u00e9sentant les 9 provinces historiques et les pays culturels, ou micro-pays, L\u00e9on, Cornouaille, Tr\u00e9gor, Vannetais, Pays de Rennes, Nantes, Dol, Saint-Brieuc et Saint-Malo. Une cr\u00e9ation originale Geobreizh.bzh (Mikael Bodlore-Penlaez) Format recommand\u00e9 : 83,3 x 59,5 cm (19,01 \u20ac)","og_url":"https:\/\/www.eurominority.eu\/index.php\/produit\/carte-des-pays-historiques-de-bretagne\/","og_site_name":"Eurominority.eu","article_modified_time":"2020-07-27T19:11:13+00:00","og_image":[{"width":1024,"height":731,"url":"https:\/\/www.eurominority.eu\/wp-content\/uploads\/2020\/06\/2020-04_Poster_Bretagne-pays-historiques_Multinatio-1024x731.jpg","type":"image\/jpeg"}],"twitter_card":"summary_large_image","schema":{"@context":"https:\/\/schema.org","@graph":[{"@type":"WebPage","@id":"https:\/\/www.eurominority.eu\/index.php\/produit\/carte-des-pays-historiques-de-bretagne\/","url":"https:\/\/www.eurominority.eu\/index.php\/produit\/carte-des-pays-historiques-de-bretagne\/","name":"Carte des pays historiques de Bretagne | Eurominority.eu","isPartOf":{"@id":"https:\/\/www.eurominority.eu\/#website"},"primaryImageOfPage":{"@id":"https:\/\/www.eurominority.eu\/index.php\/produit\/carte-des-pays-historiques-de-bretagne\/#primaryimage"},"image":{"@id":"https:\/\/www.eurominority.eu\/index.php\/produit\/carte-des-pays-historiques-de-bretagne\/#primaryimage"},"thumbnailUrl":"https:\/\/www.eurominority.eu\/wp-content\/uploads\/2020\/06\/2020-04_Poster_Bretagne-pays-historiques_Multinatio.jpg","datePublished":"2020-07-27T19:11:10+00:00","dateModified":"2020-07-27T19:11:13+00:00","breadcrumb":{"@id":"https:\/\/www.eurominority.eu\/index.php\/produit\/carte-des-pays-historiques-de-bretagne\/#breadcrumb"},"inLanguage":"fr-FR","potentialAction":[{"@type":"ReadAction","target":["https:\/\/www.eurominority.eu\/index.php\/produit\/carte-des-pays-historiques-de-bretagne\/"]}]},{"@type":"ImageObject","inLanguage":"fr-FR","@id":"https:\/\/www.eurominority.eu\/index.php\/produit\/carte-des-pays-historiques-de-bretagne\/#primaryimage","url":"https:\/\/www.eurominority.eu\/wp-content\/uploads\/2020\/06\/2020-04_Poster_Bretagne-pays-historiques_Multinatio.jpg","contentUrl":"https:\/\/www.eurominority.eu\/wp-content\/uploads\/2020\/06\/2020-04_Poster_Bretagne-pays-historiques_Multinatio.jpg","width":2100,"height":1500},{"@type":"BreadcrumbList","@id":"https:\/\/www.eurominority.eu\/index.php\/produit\/carte-des-pays-historiques-de-bretagne\/#breadcrumb","itemListElement":[{"@type":"ListItem","position":1,"name":"Accueil","item":"https:\/\/www.eurominority.eu\/"},{"@type":"ListItem","position":2,"name":"Boutique","item":"https:\/\/www.eurominority.eu\/index.php\/boutique\/"},{"@type":"ListItem","position":3,"name":"Carte des pays historiques de Bretagne"}]},{"@type":"WebSite","@id":"https:\/\/www.eurominority.eu\/#website","url":"https:\/\/www.eurominority.eu\/","name":"Eurominority.eu","description":"We are the peoples of the world","publisher":{"@id":"https:\/\/www.eurominority.eu\/#\/schema\/person\/79505440550055e97873102f1e7ab47f"},"potentialAction":[{"@type":"SearchAction","target":{"@type":"EntryPoint","urlTemplate":"https:\/\/www.eurominority.eu\/?s={search_term_string}"},"query-input":{"@type":"PropertyValueSpecification","valueRequired":true,"valueName":"search_term_string"}}],"inLanguage":"fr-FR"},{"@type":["Person","Organization"],"@id":"https:\/\/www.eurominority.eu\/#\/schema\/person\/79505440550055e97873102f1e7ab47f","name":"Multinatio","image":{"@type":"ImageObject","inLanguage":"fr-FR","@id":"https:\/\/www.eurominority.eu\/#\/schema\/person\/image\/","url":"https:\/\/www.eurominority.eu\/wp-content\/uploads\/2023\/03\/cropped-Logo-Eurominority.png","contentUrl":"https:\/\/www.eurominority.eu\/wp-content\/uploads\/2023\/03\/cropped-Logo-Eurominority.png","width":1500,"height":462,"caption":"Multinatio"},"logo":{"@id":"https:\/\/www.eurominority.eu\/#\/schema\/person\/image\/"}}]}},"_links":{"self":[{"href":"https:\/\/www.eurominority.eu\/index.php\/wp-json\/wp\/v2\/product\/2440"}],"collection":[{"href":"https:\/\/www.eurominority.eu\/index.php\/wp-json\/wp\/v2\/product"}],"about":[{"href":"https:\/\/www.eurominority.eu\/index.php\/wp-json\/wp\/v2\/types\/product"}],"replies":[{"embeddable":true,"href":"https:\/\/www.eurominority.eu\/index.php\/wp-json\/wp\/v2\/comments?post=2440"}],"wp:featuredmedia":[{"embeddable":true,"href":"https:\/\/www.eurominority.eu\/index.php\/wp-json\/wp\/v2\/media\/2344"}],"wp:attachment":[{"href":"https:\/\/www.eurominority.eu\/index.php\/wp-json\/wp\/v2\/media?parent=2440"}],"wp:term":[{"taxonomy":"product_brand","embeddable":true,"href":"https:\/\/www.eurominority.eu\/index.php\/wp-json\/wp\/v2\/product_brand?post=2440"},{"taxonomy":"product_cat","embeddable":true,"href":"https:\/\/www.eurominority.eu\/index.php\/wp-json\/wp\/v2\/product_cat?post=2440"},{"taxonomy":"product_tag","embeddable":true,"href":"https:\/\/www.eurominority.eu\/index.php\/wp-json\/wp\/v2\/product_tag?post=2440"}],"curies":[{"name":"wp","href":"https:\/\/api.w.org\/{rel}","templated":true}]}}