{"id":2442,"date":"2020-07-27T21:11:10","date_gmt":"2020-07-27T19:11:10","guid":{"rendered":"https:\/\/www.eurominority.eu\/index.php\/produit\/import-placeholder-for-3283\/"},"modified":"2020-07-27T21:11:20","modified_gmt":"2020-07-27T19:11:20","slug":"les-nations-celtiques-cartes-drapeaux-et-langues-version-2","status":"publish","type":"product","link":"https:\/\/www.eurominority.eu\/index.php\/produit\/les-nations-celtiques-cartes-drapeaux-et-langues-version-2\/","title":{"rendered":"Les nations celtiques : cartes, drapeaux et langues (version 2)"},"content":{"rendered":"<p>Carte g\u00e9ographique des nations celtiques pr\u00e9sentant les principales r\u00e9gions et provinces de Bretagne, du pays de Galles, de Cornouailles, d&rsquo;Irlande, d&rsquo;\u00c9cosse et de l&rsquo;\u00eele de Man, ainsi que les nations \u00e0 l&rsquo;h\u00e9ritage culturel celtique, la Galice, les Asturie, la Cantabrie, le Devon et la Cumbrie. Cette carte pr\u00e9sente les drapeaux de chaque peuple. Un diagramme des langues celtiques (breton, gallois, cornique, ga\u00e9lique \u00e9cossais et irlandais, mannois). Cette carte prend en compte le point de vue galicien concernant la fronti\u00e8res entre la Galice et les Asturies)<\/p>\n<p>Une cr\u00e9ation originale Geobreizh.bzh (Mikael Bodlore-Penlaez)<\/p>\n<p>Format recommand\u00e9 : 59,5 x 83,3 cm (19,01 \u20ac)<\/p>\n","protected":false},"excerpt":{"rendered":"<p>Carte g\u00e9ographique des nations celtiques pr\u00e9sentant les principales r\u00e9gions et provinces de Bretagne, du pays de Galles, de Cornouailles, d&rsquo;Irlande, d&rsquo;\u00c9cosse et de l&rsquo;\u00eele de Man, ainsi que les nations \u00e0 l&rsquo;h\u00e9ritage culturel celtique, la Galice, les Asturie, la Cantabrie, le Devon et la Cumbrie. Cette carte pr\u00e9sente les drapeaux de chaque peuple. Un diagramme des langues celtiques (breton, gallois, cornique, ga\u00e9lique \u00e9cossais et irlandais, mannois). Cette carte prend en compte le point de vue galicien concernant la fronti\u00e8res entre la Galice et les Asturies) Une cr\u00e9ation originale Geobreizh.bzh (Mikael Bodlore-Penlaez) Format recommand\u00e9 : 59,5 x 83,3 cm (19,01 \u20ac)<\/p>\n","protected":false},"featured_media":2346,"comment_status":"open","ping_status":"closed","template":"","meta":{"om_disable_all_campaigns":false,"_monsterinsights_skip_tracking":false,"_monsterinsights_sitenote_active":false,"_monsterinsights_sitenote_note":"","_monsterinsights_sitenote_category":0,"_uf_show_specific_survey":0,"_uf_disable_surveys":false},"product_brand":[],"product_cat":[65],"product_tag":[],"class_list":{"0":"post-2442","1":"product","2":"type-product","3":"status-publish","4":"has-post-thumbnail","6":"product_cat-cartes-des-peuples","8":"first","9":"instock","10":"shipping-taxable","11":"product-type-external"},"aioseo_notices":[],"yoast_head":"<!-- This site is optimized with the Yoast SEO plugin v25.6 - https:\/\/yoast.com\/wordpress\/plugins\/seo\/ -->\n<title>Les nations celtiques : cartes, drapeaux et langues (version 2) | Eurominority.eu<\/title>\n<meta name=\"robots\" content=\"index, follow, max-snippet:-1, max-image-preview:large, max-video-preview:-1\" \/>\n<link rel=\"canonical\" href=\"https:\/\/www.eurominority.eu\/index.php\/produit\/les-nations-celtiques-cartes-drapeaux-et-langues-version-2\/\" \/>\n<meta property=\"og:locale\" content=\"fr_FR\" \/>\n<meta property=\"og:type\" content=\"article\" \/>\n<meta property=\"og:title\" content=\"Les nations celtiques : cartes, drapeaux et langues (version 2) | Eurominority.eu\" \/>\n<meta property=\"og:description\" content=\"Carte g\u00e9ographique des nations celtiques pr\u00e9sentant les principales r\u00e9gions et provinces de Bretagne, du pays de Galles, de Cornouailles, d&rsquo;Irlande, d&rsquo;\u00c9cosse et de l&rsquo;\u00eele de Man, ainsi que les nations \u00e0 l&rsquo;h\u00e9ritage culturel celtique, la Galice, les Asturie, la Cantabrie, le Devon et la Cumbrie. Cette carte pr\u00e9sente les drapeaux de chaque peuple. Un diagramme des langues celtiques (breton, gallois, cornique, ga\u00e9lique \u00e9cossais et irlandais, mannois). Cette carte prend en compte le point de vue galicien concernant la fronti\u00e8res entre la Galice et les Asturies) Une cr\u00e9ation originale Geobreizh.bzh (Mikael Bodlore-Penlaez) Format recommand\u00e9 : 59,5 x 83,3 cm (19,01 \u20ac)\" \/>\n<meta property=\"og:url\" content=\"https:\/\/www.eurominority.eu\/index.php\/produit\/les-nations-celtiques-cartes-drapeaux-et-langues-version-2\/\" \/>\n<meta property=\"og:site_name\" content=\"Eurominority.eu\" \/>\n<meta property=\"article:modified_time\" content=\"2020-07-27T19:11:20+00:00\" \/>\n<meta property=\"og:image\" content=\"https:\/\/www.eurominority.eu\/wp-content\/uploads\/2020\/06\/2020_06_Poster_Monde_celtique_toutes_V2_Multinatio-731x1024.jpg\" \/>\n\t<meta property=\"og:image:width\" content=\"731\" \/>\n\t<meta property=\"og:image:height\" content=\"1024\" \/>\n\t<meta property=\"og:image:type\" content=\"image\/jpeg\" \/>\n<meta name=\"twitter:card\" content=\"summary_large_image\" \/>\n<meta name=\"twitter:label1\" content=\"Dur\u00e9e de lecture estim\u00e9e\" \/>\n\t<meta name=\"twitter:data1\" content=\"1 minute\" \/>\n<script type=\"application\/ld+json\" class=\"yoast-schema-graph\">{\"@context\":\"https:\/\/schema.org\",\"@graph\":[{\"@type\":\"WebPage\",\"@id\":\"https:\/\/www.eurominority.eu\/index.php\/produit\/les-nations-celtiques-cartes-drapeaux-et-langues-version-2\/\",\"url\":\"https:\/\/www.eurominority.eu\/index.php\/produit\/les-nations-celtiques-cartes-drapeaux-et-langues-version-2\/\",\"name\":\"Les nations celtiques : cartes, drapeaux et langues (version 2) | Eurominority.eu\",\"isPartOf\":{\"@id\":\"https:\/\/www.eurominority.eu\/#website\"},\"primaryImageOfPage\":{\"@id\":\"https:\/\/www.eurominority.eu\/index.php\/produit\/les-nations-celtiques-cartes-drapeaux-et-langues-version-2\/#primaryimage\"},\"image\":{\"@id\":\"https:\/\/www.eurominority.eu\/index.php\/produit\/les-nations-celtiques-cartes-drapeaux-et-langues-version-2\/#primaryimage\"},\"thumbnailUrl\":\"https:\/\/www.eurominority.eu\/wp-content\/uploads\/2020\/06\/2020_06_Poster_Monde_celtique_toutes_V2_Multinatio.jpg\",\"datePublished\":\"2020-07-27T19:11:10+00:00\",\"dateModified\":\"2020-07-27T19:11:20+00:00\",\"breadcrumb\":{\"@id\":\"https:\/\/www.eurominority.eu\/index.php\/produit\/les-nations-celtiques-cartes-drapeaux-et-langues-version-2\/#breadcrumb\"},\"inLanguage\":\"fr-FR\",\"potentialAction\":[{\"@type\":\"ReadAction\",\"target\":[\"https:\/\/www.eurominority.eu\/index.php\/produit\/les-nations-celtiques-cartes-drapeaux-et-langues-version-2\/\"]}]},{\"@type\":\"ImageObject\",\"inLanguage\":\"fr-FR\",\"@id\":\"https:\/\/www.eurominority.eu\/index.php\/produit\/les-nations-celtiques-cartes-drapeaux-et-langues-version-2\/#primaryimage\",\"url\":\"https:\/\/www.eurominority.eu\/wp-content\/uploads\/2020\/06\/2020_06_Poster_Monde_celtique_toutes_V2_Multinatio.jpg\",\"contentUrl\":\"https:\/\/www.eurominority.eu\/wp-content\/uploads\/2020\/06\/2020_06_Poster_Monde_celtique_toutes_V2_Multinatio.jpg\",\"width\":1500,\"height\":2100},{\"@type\":\"BreadcrumbList\",\"@id\":\"https:\/\/www.eurominority.eu\/index.php\/produit\/les-nations-celtiques-cartes-drapeaux-et-langues-version-2\/#breadcrumb\",\"itemListElement\":[{\"@type\":\"ListItem\",\"position\":1,\"name\":\"Accueil\",\"item\":\"https:\/\/www.eurominority.eu\/\"},{\"@type\":\"ListItem\",\"position\":2,\"name\":\"Boutique\",\"item\":\"https:\/\/www.eurominority.eu\/index.php\/boutique\/\"},{\"@type\":\"ListItem\",\"position\":3,\"name\":\"Les nations celtiques : cartes, drapeaux et langues (version 2)\"}]},{\"@type\":\"WebSite\",\"@id\":\"https:\/\/www.eurominority.eu\/#website\",\"url\":\"https:\/\/www.eurominority.eu\/\",\"name\":\"Eurominority.eu\",\"description\":\"We are the peoples of the world\",\"publisher\":{\"@id\":\"https:\/\/www.eurominority.eu\/#\/schema\/person\/79505440550055e97873102f1e7ab47f\"},\"potentialAction\":[{\"@type\":\"SearchAction\",\"target\":{\"@type\":\"EntryPoint\",\"urlTemplate\":\"https:\/\/www.eurominority.eu\/?s={search_term_string}\"},\"query-input\":{\"@type\":\"PropertyValueSpecification\",\"valueRequired\":true,\"valueName\":\"search_term_string\"}}],\"inLanguage\":\"fr-FR\"},{\"@type\":[\"Person\",\"Organization\"],\"@id\":\"https:\/\/www.eurominority.eu\/#\/schema\/person\/79505440550055e97873102f1e7ab47f\",\"name\":\"Multinatio\",\"image\":{\"@type\":\"ImageObject\",\"inLanguage\":\"fr-FR\",\"@id\":\"https:\/\/www.eurominority.eu\/#\/schema\/person\/image\/\",\"url\":\"https:\/\/www.eurominority.eu\/wp-content\/uploads\/2023\/03\/cropped-Logo-Eurominority.png\",\"contentUrl\":\"https:\/\/www.eurominority.eu\/wp-content\/uploads\/2023\/03\/cropped-Logo-Eurominority.png\",\"width\":1500,\"height\":462,\"caption\":\"Multinatio\"},\"logo\":{\"@id\":\"https:\/\/www.eurominority.eu\/#\/schema\/person\/image\/\"}}]}<\/script>\n<!-- \/ Yoast SEO plugin. -->","yoast_head_json":{"title":"Les nations celtiques : cartes, drapeaux et langues (version 2) | Eurominority.eu","robots":{"index":"index","follow":"follow","max-snippet":"max-snippet:-1","max-image-preview":"max-image-preview:large","max-video-preview":"max-video-preview:-1"},"canonical":"https:\/\/www.eurominority.eu\/index.php\/produit\/les-nations-celtiques-cartes-drapeaux-et-langues-version-2\/","og_locale":"fr_FR","og_type":"article","og_title":"Les nations celtiques : cartes, drapeaux et langues (version 2) | Eurominority.eu","og_description":"Carte g\u00e9ographique des nations celtiques pr\u00e9sentant les principales r\u00e9gions et provinces de Bretagne, du pays de Galles, de Cornouailles, d&rsquo;Irlande, d&rsquo;\u00c9cosse et de l&rsquo;\u00eele de Man, ainsi que les nations \u00e0 l&rsquo;h\u00e9ritage culturel celtique, la Galice, les Asturie, la Cantabrie, le Devon et la Cumbrie. Cette carte pr\u00e9sente les drapeaux de chaque peuple. Un diagramme des langues celtiques (breton, gallois, cornique, ga\u00e9lique \u00e9cossais et irlandais, mannois). Cette carte prend en compte le point de vue galicien concernant la fronti\u00e8res entre la Galice et les Asturies) Une cr\u00e9ation originale Geobreizh.bzh (Mikael Bodlore-Penlaez) Format recommand\u00e9 : 59,5 x 83,3 cm (19,01 \u20ac)","og_url":"https:\/\/www.eurominority.eu\/index.php\/produit\/les-nations-celtiques-cartes-drapeaux-et-langues-version-2\/","og_site_name":"Eurominority.eu","article_modified_time":"2020-07-27T19:11:20+00:00","og_image":[{"width":731,"height":1024,"url":"https:\/\/www.eurominority.eu\/wp-content\/uploads\/2020\/06\/2020_06_Poster_Monde_celtique_toutes_V2_Multinatio-731x1024.jpg","type":"image\/jpeg"}],"twitter_card":"summary_large_image","twitter_misc":{"Dur\u00e9e de lecture estim\u00e9e":"1 minute"},"schema":{"@context":"https:\/\/schema.org","@graph":[{"@type":"WebPage","@id":"https:\/\/www.eurominority.eu\/index.php\/produit\/les-nations-celtiques-cartes-drapeaux-et-langues-version-2\/","url":"https:\/\/www.eurominority.eu\/index.php\/produit\/les-nations-celtiques-cartes-drapeaux-et-langues-version-2\/","name":"Les nations celtiques : cartes, drapeaux et langues (version 2) | Eurominority.eu","isPartOf":{"@id":"https:\/\/www.eurominority.eu\/#website"},"primaryImageOfPage":{"@id":"https:\/\/www.eurominority.eu\/index.php\/produit\/les-nations-celtiques-cartes-drapeaux-et-langues-version-2\/#primaryimage"},"image":{"@id":"https:\/\/www.eurominority.eu\/index.php\/produit\/les-nations-celtiques-cartes-drapeaux-et-langues-version-2\/#primaryimage"},"thumbnailUrl":"https:\/\/www.eurominority.eu\/wp-content\/uploads\/2020\/06\/2020_06_Poster_Monde_celtique_toutes_V2_Multinatio.jpg","datePublished":"2020-07-27T19:11:10+00:00","dateModified":"2020-07-27T19:11:20+00:00","breadcrumb":{"@id":"https:\/\/www.eurominority.eu\/index.php\/produit\/les-nations-celtiques-cartes-drapeaux-et-langues-version-2\/#breadcrumb"},"inLanguage":"fr-FR","potentialAction":[{"@type":"ReadAction","target":["https:\/\/www.eurominority.eu\/index.php\/produit\/les-nations-celtiques-cartes-drapeaux-et-langues-version-2\/"]}]},{"@type":"ImageObject","inLanguage":"fr-FR","@id":"https:\/\/www.eurominority.eu\/index.php\/produit\/les-nations-celtiques-cartes-drapeaux-et-langues-version-2\/#primaryimage","url":"https:\/\/www.eurominority.eu\/wp-content\/uploads\/2020\/06\/2020_06_Poster_Monde_celtique_toutes_V2_Multinatio.jpg","contentUrl":"https:\/\/www.eurominority.eu\/wp-content\/uploads\/2020\/06\/2020_06_Poster_Monde_celtique_toutes_V2_Multinatio.jpg","width":1500,"height":2100},{"@type":"BreadcrumbList","@id":"https:\/\/www.eurominority.eu\/index.php\/produit\/les-nations-celtiques-cartes-drapeaux-et-langues-version-2\/#breadcrumb","itemListElement":[{"@type":"ListItem","position":1,"name":"Accueil","item":"https:\/\/www.eurominority.eu\/"},{"@type":"ListItem","position":2,"name":"Boutique","item":"https:\/\/www.eurominority.eu\/index.php\/boutique\/"},{"@type":"ListItem","position":3,"name":"Les nations celtiques : cartes, drapeaux et langues (version 2)"}]},{"@type":"WebSite","@id":"https:\/\/www.eurominority.eu\/#website","url":"https:\/\/www.eurominority.eu\/","name":"Eurominority.eu","description":"We are the peoples of the world","publisher":{"@id":"https:\/\/www.eurominority.eu\/#\/schema\/person\/79505440550055e97873102f1e7ab47f"},"potentialAction":[{"@type":"SearchAction","target":{"@type":"EntryPoint","urlTemplate":"https:\/\/www.eurominority.eu\/?s={search_term_string}"},"query-input":{"@type":"PropertyValueSpecification","valueRequired":true,"valueName":"search_term_string"}}],"inLanguage":"fr-FR"},{"@type":["Person","Organization"],"@id":"https:\/\/www.eurominority.eu\/#\/schema\/person\/79505440550055e97873102f1e7ab47f","name":"Multinatio","image":{"@type":"ImageObject","inLanguage":"fr-FR","@id":"https:\/\/www.eurominority.eu\/#\/schema\/person\/image\/","url":"https:\/\/www.eurominority.eu\/wp-content\/uploads\/2023\/03\/cropped-Logo-Eurominority.png","contentUrl":"https:\/\/www.eurominority.eu\/wp-content\/uploads\/2023\/03\/cropped-Logo-Eurominority.png","width":1500,"height":462,"caption":"Multinatio"},"logo":{"@id":"https:\/\/www.eurominority.eu\/#\/schema\/person\/image\/"}}]}},"_links":{"self":[{"href":"https:\/\/www.eurominority.eu\/index.php\/wp-json\/wp\/v2\/product\/2442"}],"collection":[{"href":"https:\/\/www.eurominority.eu\/index.php\/wp-json\/wp\/v2\/product"}],"about":[{"href":"https:\/\/www.eurominority.eu\/index.php\/wp-json\/wp\/v2\/types\/product"}],"replies":[{"embeddable":true,"href":"https:\/\/www.eurominority.eu\/index.php\/wp-json\/wp\/v2\/comments?post=2442"}],"wp:featuredmedia":[{"embeddable":true,"href":"https:\/\/www.eurominority.eu\/index.php\/wp-json\/wp\/v2\/media\/2346"}],"wp:attachment":[{"href":"https:\/\/www.eurominority.eu\/index.php\/wp-json\/wp\/v2\/media?parent=2442"}],"wp:term":[{"taxonomy":"product_brand","embeddable":true,"href":"https:\/\/www.eurominority.eu\/index.php\/wp-json\/wp\/v2\/product_brand?post=2442"},{"taxonomy":"product_cat","embeddable":true,"href":"https:\/\/www.eurominority.eu\/index.php\/wp-json\/wp\/v2\/product_cat?post=2442"},{"taxonomy":"product_tag","embeddable":true,"href":"https:\/\/www.eurominority.eu\/index.php\/wp-json\/wp\/v2\/product_tag?post=2442"}],"curies":[{"name":"wp","href":"https:\/\/api.w.org\/{rel}","templated":true}]}}